{"id":11270,"date":"2023-01-28T09:02:24","date_gmt":"2023-01-28T14:02:24","guid":{"rendered":"https:\/\/www.nutritionsolutionsforme.com\/thanh-cong\/"},"modified":"2024-09-17T07:19:53","modified_gmt":"2024-09-17T12:19:53","slug":"thanh-cong","status":"publish","type":"page","link":"https:\/\/www.nutritionsolutionsforme.com\/vi\/thanh-cong\/","title":{"rendered":"Th\u00e0nh c\u00f4ng"},"content":{"rendered":"\t\t<div data-elementor-type=\"wp-page\" data-elementor-id=\"11270\" class=\"elementor elementor-11270 elementor-5388\" data-elementor-post-type=\"page\">\n\t\t\t\t\t\t<section class=\"elementor-section elementor-top-section elementor-element elementor-element-499393c0 elementor-section-full_width success-sec elementor-section-height-default elementor-section-height-default\" data-id=\"499393c0\" data-element_type=\"section\" data-e-type=\"section\" data-settings=\"{&quot;background_background&quot;:&quot;classic&quot;}\">\n\t\t\t\t\t\t<div class=\"elementor-container elementor-column-gap-default\">\n\t\t\t\t\t<div class=\"elementor-column elementor-col-50 elementor-top-column elementor-element elementor-element-32b56d63 amp-center\" data-id=\"32b56d63\" data-element_type=\"column\" data-e-type=\"column\">\n\t\t\t<div class=\"elementor-widget-wrap elementor-element-populated\">\n\t\t\t\t\t\t<div class=\"elementor-element elementor-element-39ed05b elementor-widget elementor-widget-image\" data-id=\"39ed05b\" data-element_type=\"widget\" data-e-type=\"widget\" data-widget_type=\"image.default\">\n\t\t\t\t<div class=\"elementor-widget-container\">\n\t\t\t\t\t\t\t\t\t\t\t\t\t\t\t<img fetchpriority=\"high\" decoding=\"async\" width=\"750\" height=\"500\" src=\"https:\/\/www.nutritionsolutionsforme.com\/wp-content\/uploads\/2022\/03\/thankyou-768x512.jpg?wsr\" class=\"attachment-medium_large size-medium_large wp-image-11253\" alt=\"\" srcset=\"https:\/\/www.nutritionsolutionsforme.com\/wp-content\/uploads\/2022\/03\/thankyou-768x512.jpg 768w, https:\/\/www.nutritionsolutionsforme.com\/wp-content\/uploads\/2022\/03\/thankyou-300x200.jpg 300w, https:\/\/www.nutritionsolutionsforme.com\/wp-content\/uploads\/2022\/03\/thankyou-1024x682.jpg 1024w, https:\/\/www.nutritionsolutionsforme.com\/wp-content\/uploads\/2022\/03\/thankyou-1536x1024.jpg 1536w, https:\/\/www.nutritionsolutionsforme.com\/wp-content\/uploads\/2022\/03\/thankyou.jpg 2000w\" sizes=\"(max-width: 750px) 100vw, 750px\" \/>\t\t\t\t\t\t\t\t\t\t\t\t\t\t\t<\/div>\n\t\t\t\t<\/div>\n\t\t\t\t\t<\/div>\n\t\t<\/div>\n\t\t\t\t<div class=\"elementor-column elementor-col-50 elementor-top-column elementor-element elementor-element-bd76da5\" data-id=\"bd76da5\" data-element_type=\"column\" data-e-type=\"column\">\n\t\t\t<div class=\"elementor-widget-wrap elementor-element-populated\">\n\t\t\t\t\t\t<div class=\"elementor-element elementor-element-00f9db0 elementor-widget elementor-widget-text-editor\" data-id=\"00f9db0\" data-element_type=\"widget\" data-e-type=\"widget\" data-widget_type=\"text-editor.default\">\n\t\t\t\t<div class=\"elementor-widget-container\">\n\t\t\t\t\t\t\t\t\t<p><strong>Th\u00e0nh c\u00f4ng: T\u1ea1i Nutrition Solutions for Me, b\u1ea1n r\u1ea5t quan tr\u1ecdng \u0111\u1ed1i v\u1edbi ch\u00fang t\u00f4i, ch\u00fang t\u00f4i s\u1ebd s\u1edbm li\u00ean h\u1ec7 v\u1edbi b\u1ea1n!<\/strong><\/p>\n\t\t\t\t\t\t\t\t<\/div>\n\t\t\t\t<\/div>\n\t\t\t\t\t<\/div>\n\t\t<\/div>\n\t\t\t\t\t<\/div>\n\t\t<\/section>\n\t\t\t\t<\/div>\n\t\t","protected":false},"excerpt":{"rendered":"<p>Th\u00e0nh c\u00f4ng: T\u1ea1i Nutrition Solutions for Me, b\u1ea1n r\u1ea5t quan tr\u1ecdng \u0111\u1ed1i v\u1edbi ch\u00fang t\u00f4i, ch\u00fang t\u00f4i s\u1ebd s\u1edbm li\u00ean h\u1ec7 v\u1edbi b\u1ea1n!<\/p>\n","protected":false},"author":1,"featured_media":0,"parent":0,"menu_order":0,"comment_status":"closed","ping_status":"closed","template":"","meta":{"footnotes":""},"class_list":["post-11270","page","type-page","status-publish","hentry"],"yoast_head":"<!-- This site is optimized with the Yoast SEO plugin v27.4 - https:\/\/yoast.com\/product\/yoast-seo-wordpress\/ -->\n<title>Th\u00e0nh c\u00f4ng - Nutrition Solutions for Me<\/title>\n<meta name=\"robots\" content=\"index, follow, max-snippet:-1, max-image-preview:large, max-video-preview:-1\" \/>\n<link rel=\"canonical\" href=\"https:\/\/www.nutritionsolutionsforme.com\/vi\/thanh-cong\/\" \/>\n<meta property=\"og:locale\" content=\"vi_VN\" \/>\n<meta property=\"og:type\" content=\"article\" \/>\n<meta property=\"og:title\" content=\"Th\u00e0nh c\u00f4ng - Nutrition Solutions for Me\" \/>\n<meta property=\"og:description\" content=\"Th\u00e0nh c\u00f4ng: T\u1ea1i Nutrition Solutions for Me, b\u1ea1n r\u1ea5t quan tr\u1ecdng \u0111\u1ed1i v\u1edbi ch\u00fang t\u00f4i, ch\u00fang t\u00f4i s\u1ebd s\u1edbm li\u00ean h\u1ec7 v\u1edbi b\u1ea1n!\" \/>\n<meta property=\"og:url\" content=\"https:\/\/www.nutritionsolutionsforme.com\/vi\/thanh-cong\/\" \/>\n<meta property=\"og:site_name\" content=\"Nutrition Solutions for Me\" \/>\n<meta property=\"article:publisher\" content=\"https:\/\/www.facebook.com\/NutritionSolutionsForMe\/\" \/>\n<meta property=\"article:modified_time\" content=\"2024-09-17T12:19:53+00:00\" \/>\n<meta property=\"og:image\" content=\"https:\/\/www.nutritionsolutionsforme.com\/wp-content\/uploads\/2022\/03\/thankyou-768x512.jpg\" \/>\n<meta name=\"twitter:card\" content=\"summary_large_image\" \/>\n<meta name=\"twitter:site\" content=\"@nutrisols\" \/>\n<!-- \/ Yoast SEO plugin. -->","yoast_head_json":{"title":"Th\u00e0nh c\u00f4ng - Nutrition Solutions for Me","robots":{"index":"index","follow":"follow","max-snippet":"max-snippet:-1","max-image-preview":"max-image-preview:large","max-video-preview":"max-video-preview:-1"},"canonical":"https:\/\/www.nutritionsolutionsforme.com\/vi\/thanh-cong\/","og_locale":"vi_VN","og_type":"article","og_title":"Th\u00e0nh c\u00f4ng - Nutrition Solutions for Me","og_description":"Th\u00e0nh c\u00f4ng: T\u1ea1i Nutrition Solutions for Me, b\u1ea1n r\u1ea5t quan tr\u1ecdng \u0111\u1ed1i v\u1edbi ch\u00fang t\u00f4i, ch\u00fang t\u00f4i s\u1ebd s\u1edbm li\u00ean h\u1ec7 v\u1edbi b\u1ea1n!","og_url":"https:\/\/www.nutritionsolutionsforme.com\/vi\/thanh-cong\/","og_site_name":"Nutrition Solutions for Me","article_publisher":"https:\/\/www.facebook.com\/NutritionSolutionsForMe\/","article_modified_time":"2024-09-17T12:19:53+00:00","og_image":[{"url":"https:\/\/www.nutritionsolutionsforme.com\/wp-content\/uploads\/2022\/03\/thankyou-768x512.jpg","type":"","width":"","height":""}],"twitter_card":"summary_large_image","twitter_site":"@nutrisols","schema":{"@context":"https:\/\/schema.org","@graph":[]}},"_links":{"self":[{"href":"https:\/\/www.nutritionsolutionsforme.com\/vi\/wp-json\/wp\/v2\/pages\/11270","targetHints":{"allow":["GET"]}}],"collection":[{"href":"https:\/\/www.nutritionsolutionsforme.com\/vi\/wp-json\/wp\/v2\/pages"}],"about":[{"href":"https:\/\/www.nutritionsolutionsforme.com\/vi\/wp-json\/wp\/v2\/types\/page"}],"author":[{"embeddable":true,"href":"https:\/\/www.nutritionsolutionsforme.com\/vi\/wp-json\/wp\/v2\/users\/1"}],"replies":[{"embeddable":true,"href":"https:\/\/www.nutritionsolutionsforme.com\/vi\/wp-json\/wp\/v2\/comments?post=11270"}],"version-history":[{"count":2,"href":"https:\/\/www.nutritionsolutionsforme.com\/vi\/wp-json\/wp\/v2\/pages\/11270\/revisions"}],"predecessor-version":[{"id":11276,"href":"https:\/\/www.nutritionsolutionsforme.com\/vi\/wp-json\/wp\/v2\/pages\/11270\/revisions\/11276"}],"wp:attachment":[{"href":"https:\/\/www.nutritionsolutionsforme.com\/vi\/wp-json\/wp\/v2\/media?parent=11270"}],"curies":[{"name":"wp","href":"https:\/\/api.w.org\/{rel}","templated":true}]}}