{"id":11247,"date":"2021-05-03T17:31:18","date_gmt":"2021-05-03T22:31:18","guid":{"rendered":"https:\/\/www.nutritionsolutionsforme.com\/huong-dan-mien-phi\/"},"modified":"2024-09-17T07:19:47","modified_gmt":"2024-09-17T12:19:47","slug":"huong-dan-mien-phi","status":"publish","type":"page","link":"https:\/\/www.nutritionsolutionsforme.com\/vi\/huong-dan-mien-phi\/","title":{"rendered":"H\u01b0\u1edbng d\u1eabn mi\u1ec5n ph\u00ed"},"content":{"rendered":"\t\t<div data-elementor-type=\"wp-page\" data-elementor-id=\"11247\" class=\"elementor elementor-11247 elementor-2072\" data-elementor-post-type=\"page\">\n\t\t\t\t\t\t<section class=\"elementor-section elementor-top-section elementor-element elementor-element-2855309 elementor-section-stretched guide-sec1 elementor-section-boxed elementor-section-height-default elementor-section-height-default\" data-id=\"2855309\" data-element_type=\"section\" data-e-type=\"section\" data-settings=\"{&quot;stretch_section&quot;:&quot;section-stretched&quot;,&quot;background_background&quot;:&quot;classic&quot;}\">\n\t\t\t\t\t\t<div class=\"elementor-container elementor-column-gap-default\">\n\t\t\t\t\t<div class=\"elementor-column elementor-col-100 elementor-top-column elementor-element elementor-element-7095880\" data-id=\"7095880\" data-element_type=\"column\" data-e-type=\"column\">\n\t\t\t<div class=\"elementor-widget-wrap elementor-element-populated\">\n\t\t\t\t\t\t<section class=\"elementor-section elementor-inner-section elementor-element elementor-element-07c44ea elementor-section-boxed elementor-section-height-default elementor-section-height-default\" data-id=\"07c44ea\" data-element_type=\"section\" data-e-type=\"section\">\n\t\t\t\t\t\t<div class=\"elementor-container elementor-column-gap-default\">\n\t\t\t\t\t<div class=\"elementor-column elementor-col-50 elementor-inner-column elementor-element elementor-element-436fb60\" data-id=\"436fb60\" data-element_type=\"column\" data-e-type=\"column\">\n\t\t\t<div class=\"elementor-widget-wrap elementor-element-populated\">\n\t\t\t\t\t\t<div class=\"elementor-element elementor-element-9d95763 elementor-widget elementor-widget-heading\" data-id=\"9d95763\" data-element_type=\"widget\" data-e-type=\"widget\" data-widget_type=\"heading.default\">\n\t\t\t\t<div class=\"elementor-widget-container\">\n\t\t\t\t\t<h2 class=\"elementor-heading-title elementor-size-default\">L\u1ef1a ch\u1ecdn th\u1ef1c ph\u1ea9m l\u00e0nh m\u1ea1nh t\u1eeb Trader Joe's cho nhu c\u1ea7u n\u1ea5u \u0103n l\u00e0nh m\u1ea1nh c\u1ee7a b\u1ea1n<\/h2>\t\t\t\t<\/div>\n\t\t\t\t<\/div>\n\t\t\t\t<div class=\"elementor-element elementor-element-82eb864 elementor-widget elementor-widget-text-editor\" data-id=\"82eb864\" data-element_type=\"widget\" data-e-type=\"widget\" data-widget_type=\"text-editor.default\">\n\t\t\t\t<div class=\"elementor-widget-container\">\n\t\t\t\t\t\t\t\t\t\n<div class=\"wpcf7 no-js\" id=\"wpcf7-f11443-o1\" lang=\"vi-VN\" dir=\"ltr\" data-wpcf7-id=\"11443\">\n<div class=\"screen-reader-response\"><p role=\"status\" aria-live=\"polite\" aria-atomic=\"true\"><\/p> <ul><\/ul><\/div>\n<form action=\"\/vi\/wp-json\/wp\/v2\/pages\/11247#wpcf7-f11443-o1\" method=\"post\" class=\"wpcf7-form init\" aria-label=\"Contact form\" novalidate=\"novalidate\" data-status=\"init\">\n<fieldset class=\"hidden-fields-container\"><input type=\"hidden\" name=\"_wpcf7\" value=\"11443\" \/><input type=\"hidden\" name=\"_wpcf7_version\" value=\"6.1.5\" \/><input type=\"hidden\" name=\"_wpcf7_locale\" value=\"vi_VN\" \/><input type=\"hidden\" name=\"_wpcf7_unit_tag\" value=\"wpcf7-f11443-o1\" \/><input type=\"hidden\" name=\"_wpcf7_container_post\" value=\"0\" \/><input type=\"hidden\" name=\"_wpcf7_posted_data_hash\" value=\"\" \/>\n<\/fieldset>\n<div class=\"uacf7-form-wrapper-container uacf7-form-11443  \"><label>  T\u00ean \u0111\u1ea7u ti\u00ean  <span class=\"wpcf7-form-control-wrap\" data-name=\"your-name\"><input size=\"40\" maxlength=\"400\" class=\"wpcf7-form-control wpcf7-text wpcf7-validates-as-required\" aria-required=\"true\" aria-invalid=\"false\" value=\"\" type=\"text\" name=\"your-name\" \/><\/span> <\/label>\n\n<label>  H\u1ecd  <span class=\"wpcf7-form-control-wrap\" data-name=\"l-name\"><input size=\"40\" maxlength=\"400\" class=\"wpcf7-form-control wpcf7-text wpcf7-validates-as-required\" aria-required=\"true\" aria-invalid=\"false\" value=\"\" type=\"text\" name=\"l-name\" \/><\/span> <\/label>\n\n<label>  \u0110i\u1ec7n tho\u1ea1i c\u1ee7a b\u1ea1n  <span class=\"wpcf7-form-control-wrap\" data-name=\"your-phone\"><input size=\"40\" maxlength=\"400\" class=\"wpcf7-form-control wpcf7-tel wpcf7-validates-as-required wpcf7-text wpcf7-validates-as-tel\" aria-required=\"true\" aria-invalid=\"false\" value=\"\" type=\"tel\" name=\"your-phone\" \/><\/span> <\/label>\n\n<label>  Email c\u1ee7a b\u1ea1n  <span class=\"wpcf7-form-control-wrap\" data-name=\"your-email\"><input size=\"40\" maxlength=\"400\" class=\"wpcf7-form-control wpcf7-email wpcf7-validates-as-required wpcf7-text wpcf7-validates-as-email\" aria-required=\"true\" aria-invalid=\"false\" value=\"\" type=\"email\" name=\"your-email\" \/><\/span> <\/label>\n\n<label><span class=\"wpcf7-form-control-wrap\" data-name=\"meal-interest\"><span class=\"wpcf7-form-control wpcf7-checkbox\"><span class=\"wpcf7-list-item first last\"><input type=\"checkbox\" name=\"meal-interest[]\" value=\"Quan t\u00e2m \u0111\u1ebfn K\u1ebf ho\u1ea1ch b\u1eefa \u0103n \u0111\u01b0\u1ee3c b\u1ea3o hi\u1ec3m t\u00f9y ch\u1ec9nh\" \/><span class=\"wpcf7-list-item-label\">Quan t\u00e2m \u0111\u1ebfn K\u1ebf ho\u1ea1ch b\u1eefa \u0103n \u0111\u01b0\u1ee3c b\u1ea3o hi\u1ec3m t\u00f9y ch\u1ec9nh<\/span><\/span><\/span><\/span><\/label>\n\n<input class=\"wpcf7-form-control wpcf7-submit has-spinner\" type=\"submit\" value=\"G\u1eedi cho t\u00f4i b\u1ea3n sao c\u1ee7a t\u00f4i!\" \/><\/div><input type=\"hidden\" id=\"ct_checkjs_cf7_d96409bf894217686ba124d7356686c9\" name=\"ct_checkjs_cf7\" value=\"0\" \/><script >setTimeout(function(){var ct_input_name = \"ct_checkjs_cf7_d96409bf894217686ba124d7356686c9\";if (document.getElementById(ct_input_name) !== null) {var ct_input_value = document.getElementById(ct_input_name).value;document.getElementById(ct_input_name).value = document.getElementById(ct_input_name).value.replace(ct_input_value, '0fcb93945d8a9dd3f0dcd6127005228d26defab8a303dc95a454b097976a6d1d');}}, 1000);<\/script><input\n                    class=\"apbct_special_field apbct_email_id__wp_contact_form_7\"\n                    name=\"apbct__email_id__wp_contact_form_7\"\n                    aria-label=\"apbct__label_id__wp_contact_form_7\"\n                    type=\"text\" size=\"30\" maxlength=\"200\" autocomplete=\"off\"\n                    value=\"\"\n                \/><div class=\"wpcf7-response-output\" aria-hidden=\"true\"><\/div>\n<input\n                    class=\"apbct_special_field apbct_email_id__elementor_form\"\n                    name=\"apbct__email_id__elementor_form\"\n                    aria-label=\"apbct__label_id__elementor_form\"\n                    type=\"text\" size=\"30\" maxlength=\"200\" autocomplete=\"off\"\n                    value=\"\"\n                \/><\/form>\n<\/div>\n\n\t\t\t\t\t\t\t\t<\/div>\n\t\t\t\t<\/div>\n\t\t\t\t\t<\/div>\n\t\t<\/div>\n\t\t\t\t<div class=\"elementor-column elementor-col-50 elementor-inner-column elementor-element elementor-element-5d727ff amp-center\" data-id=\"5d727ff\" data-element_type=\"column\" data-e-type=\"column\">\n\t\t\t<div class=\"elementor-widget-wrap elementor-element-populated\">\n\t\t\t\t\t\t<div class=\"elementor-element elementor-element-96fa325 elementor-widget elementor-widget-image\" data-id=\"96fa325\" data-element_type=\"widget\" data-e-type=\"widget\" data-widget_type=\"image.default\">\n\t\t\t\t<div class=\"elementor-widget-container\">\n\t\t\t\t\t\t\t\t\t\t\t\t\t\t\t<img fetchpriority=\"high\" decoding=\"async\" width=\"402\" height=\"529\" src=\"https:\/\/www.nutritionsolutionsforme.com\/wp-content\/uploads\/2021\/05\/free-guide.png?wsr\" class=\"attachment-large size-large wp-image-11248\" alt=\"\" srcset=\"https:\/\/www.nutritionsolutionsforme.com\/wp-content\/uploads\/2021\/05\/free-guide.png 402w, https:\/\/www.nutritionsolutionsforme.com\/wp-content\/uploads\/2021\/05\/free-guide-228x300.png 228w\" sizes=\"(max-width: 402px) 100vw, 402px\" \/>\t\t\t\t\t\t\t\t\t\t\t\t\t\t\t<\/div>\n\t\t\t\t<\/div>\n\t\t\t\t\t<\/div>\n\t\t<\/div>\n\t\t\t\t\t<\/div>\n\t\t<\/section>\n\t\t\t\t\t<\/div>\n\t\t<\/div>\n\t\t\t\t\t<\/div>\n\t\t<\/section>\n\t\t\t\t<section class=\"elementor-section elementor-top-section elementor-element elementor-element-da63f70 elementor-section-stretched guide-sec2 elementor-section-boxed elementor-section-height-default elementor-section-height-default\" data-id=\"da63f70\" data-element_type=\"section\" data-e-type=\"section\" data-settings=\"{&quot;stretch_section&quot;:&quot;section-stretched&quot;,&quot;background_background&quot;:&quot;classic&quot;}\">\n\t\t\t\t\t\t<div class=\"elementor-container elementor-column-gap-default\">\n\t\t\t\t\t<div class=\"elementor-column elementor-col-100 elementor-top-column elementor-element elementor-element-93c8d31\" data-id=\"93c8d31\" data-element_type=\"column\" data-e-type=\"column\">\n\t\t\t<div class=\"elementor-widget-wrap elementor-element-populated\">\n\t\t\t\t\t\t<section class=\"elementor-section elementor-inner-section elementor-element elementor-element-19a83dc elementor-section-boxed elementor-section-height-default elementor-section-height-default\" data-id=\"19a83dc\" data-element_type=\"section\" data-e-type=\"section\">\n\t\t\t\t\t\t<div class=\"elementor-container elementor-column-gap-default\">\n\t\t\t\t\t<div class=\"elementor-column elementor-col-50 elementor-inner-column elementor-element elementor-element-d343574 amp-center\" data-id=\"d343574\" data-element_type=\"column\" data-e-type=\"column\">\n\t\t\t<div class=\"elementor-widget-wrap elementor-element-populated\">\n\t\t\t\t\t\t<div class=\"elementor-element elementor-element-5ec9a12 elementor-widget elementor-widget-image\" data-id=\"5ec9a12\" data-element_type=\"widget\" data-e-type=\"widget\" data-widget_type=\"image.default\">\n\t\t\t\t<div class=\"elementor-widget-container\">\n\t\t\t\t\t\t\t\t\t\t\t\t\t\t\t<img decoding=\"async\" width=\"700\" height=\"700\" src=\"https:\/\/www.nutritionsolutionsforme.com\/wp-content\/uploads\/2021\/05\/Untitled-design-23-2.png?wsr\" class=\"attachment-large size-large wp-image-11249\" alt=\"\" srcset=\"https:\/\/www.nutritionsolutionsforme.com\/wp-content\/uploads\/2021\/05\/Untitled-design-23-2.png 700w, https:\/\/www.nutritionsolutionsforme.com\/wp-content\/uploads\/2021\/05\/Untitled-design-23-2-300x300.png 300w, https:\/\/www.nutritionsolutionsforme.com\/wp-content\/uploads\/2021\/05\/Untitled-design-23-2-150x150.png 150w, https:\/\/www.nutritionsolutionsforme.com\/wp-content\/uploads\/2021\/05\/Untitled-design-23-2-75x75.png 75w, https:\/\/www.nutritionsolutionsforme.com\/wp-content\/uploads\/2021\/05\/Untitled-design-23-2-270x270.png 270w, https:\/\/www.nutritionsolutionsforme.com\/wp-content\/uploads\/2021\/05\/Untitled-design-23-2-230x230.png 230w\" sizes=\"(max-width: 700px) 100vw, 700px\" \/>\t\t\t\t\t\t\t\t\t\t\t\t\t\t\t<\/div>\n\t\t\t\t<\/div>\n\t\t\t\t\t<\/div>\n\t\t<\/div>\n\t\t\t\t<div class=\"elementor-column elementor-col-50 elementor-inner-column elementor-element elementor-element-a258a6d\" data-id=\"a258a6d\" data-element_type=\"column\" data-e-type=\"column\">\n\t\t\t<div class=\"elementor-widget-wrap elementor-element-populated\">\n\t\t\t\t\t\t<div class=\"elementor-element elementor-element-2c45a64 elementor-widget elementor-widget-heading\" data-id=\"2c45a64\" data-element_type=\"widget\" data-e-type=\"widget\" data-widget_type=\"heading.default\">\n\t\t\t\t<div class=\"elementor-widget-container\">\n\t\t\t\t\t<h2 class=\"elementor-heading-title elementor-size-default\">\u0110\u1ed2 \u0102N NH\u1eb8 T\u0102NG C\u01af\u1edcNG S\u1ee8C M\u1ea0NH<\/h2>\t\t\t\t<\/div>\n\t\t\t\t<\/div>\n\t\t\t\t<div class=\"elementor-element elementor-element-e4ecac6 elementor-widget elementor-widget-text-editor\" data-id=\"e4ecac6\" data-element_type=\"widget\" data-e-type=\"widget\" data-widget_type=\"text-editor.default\">\n\t\t\t\t<div class=\"elementor-widget-container\">\n\t\t\t\t\t\t\t\t\t<p style=\"text-align: center;\">10+ m\u00f3n \u0103n nh\u1eb9 l\u00e0nh m\u1ea1nh ch\u1ec9 m\u1ea5t 10 ph\u00fat ho\u1eb7c \u00edt h\u01a1n \u0111\u1ec3 ch\u1ebf bi\u1ebfn.<\/p>\n\t\t\t\t\t\t\t\t<\/div>\n\t\t\t\t<\/div>\n\t\t\t\t<div class=\"elementor-element elementor-element-34319b2 eael-contact-form-7-button-align-left eael-contact-form-7-button-align-left eael-contact-form-7-button-custom elementor-widget elementor-widget-eael-contact-form-7\" data-id=\"34319b2\" data-element_type=\"widget\" data-e-type=\"widget\" data-widget_type=\"eael-contact-form-7.default\">\n\t\t\t\t<div class=\"elementor-widget-container\">\n\t\t\t\t\t<div class=\"eael-contact-form-7-wrapper\">\n                <div class=\"eael-contact-form eael-contact-form-7 eael-contact-form-34319b2 placeholder-show eael-contact-form-align-center\">\n<div class=\"wpcf7 no-js\" id=\"wpcf7-f11444-o2\" lang=\"vi-VN\" dir=\"ltr\" data-wpcf7-id=\"11444\">\n<div class=\"screen-reader-response\"><p role=\"status\" aria-live=\"polite\" aria-atomic=\"true\"><\/p> <ul><\/ul><\/div>\n<form action=\"\/vi\/wp-json\/wp\/v2\/pages\/11247#wpcf7-f11444-o2\" method=\"post\" class=\"wpcf7-form init\" aria-label=\"Contact form\" novalidate=\"novalidate\" data-status=\"init\">\n<fieldset class=\"hidden-fields-container\"><input type=\"hidden\" name=\"_wpcf7\" value=\"11444\" \/><input type=\"hidden\" name=\"_wpcf7_version\" value=\"6.1.5\" \/><input type=\"hidden\" name=\"_wpcf7_locale\" value=\"vi_VN\" \/><input type=\"hidden\" name=\"_wpcf7_unit_tag\" value=\"wpcf7-f11444-o2\" \/><input type=\"hidden\" name=\"_wpcf7_container_post\" value=\"0\" \/><input type=\"hidden\" name=\"_wpcf7_posted_data_hash\" value=\"\" \/>\n<\/fieldset>\n<div class=\"uacf7-form-wrapper-container uacf7-form-11444  \"><label>  T\u00ean \u0111\u1ea7u ti\u00ean  <span class=\"wpcf7-form-control-wrap\" data-name=\"your-name\"><input size=\"40\" maxlength=\"400\" class=\"wpcf7-form-control wpcf7-text wpcf7-validates-as-required\" aria-required=\"true\" aria-invalid=\"false\" value=\"\" type=\"text\" name=\"your-name\" \/><\/span> <\/label>\n\n<label>  H\u1ecd  <span class=\"wpcf7-form-control-wrap\" data-name=\"l-name\"><input size=\"40\" maxlength=\"400\" class=\"wpcf7-form-control wpcf7-text wpcf7-validates-as-required\" aria-required=\"true\" aria-invalid=\"false\" value=\"\" type=\"text\" name=\"l-name\" \/><\/span> <\/label>\n\n<label>  \u0110i\u1ec7n tho\u1ea1i c\u1ee7a b\u1ea1n  <span class=\"wpcf7-form-control-wrap\" data-name=\"your-phone\"><input size=\"40\" maxlength=\"400\" class=\"wpcf7-form-control wpcf7-tel wpcf7-validates-as-required wpcf7-text wpcf7-validates-as-tel\" aria-required=\"true\" aria-invalid=\"false\" value=\"\" type=\"tel\" name=\"your-phone\" \/><\/span> <\/label>\n\n<label>  Email c\u1ee7a b\u1ea1n  <span class=\"wpcf7-form-control-wrap\" data-name=\"your-email\"><input size=\"40\" maxlength=\"400\" class=\"wpcf7-form-control wpcf7-email wpcf7-validates-as-required wpcf7-text wpcf7-validates-as-email\" aria-required=\"true\" aria-invalid=\"false\" value=\"\" type=\"email\" name=\"your-email\" \/><\/span> <\/label>\n\n<label><span class=\"wpcf7-form-control-wrap\" data-name=\"meal-interest\"><span class=\"wpcf7-form-control wpcf7-checkbox\"><span class=\"wpcf7-list-item first last\"><input type=\"checkbox\" name=\"meal-interest[]\" value=\"Quan t\u00e2m \u0111\u1ebfn: K\u1ebf ho\u1ea1ch b\u1eefa \u0103n 7 ng\u00e0y t\u00f9y ch\u1ec9nh tr\u1ecb gi\u00e1 85 \u0111\u00f4 la\" \/><span class=\"wpcf7-list-item-label\">Quan t\u00e2m \u0111\u1ebfn: K\u1ebf ho\u1ea1ch b\u1eefa \u0103n 7 ng\u00e0y t\u00f9y ch\u1ec9nh tr\u1ecb gi\u00e1 85 \u0111\u00f4 la<\/span><\/span><\/span><\/span><\/label>\n\n<input class=\"wpcf7-form-control wpcf7-submit has-spinner\" type=\"submit\" value=\"G\u1eedi cho t\u00f4i b\u1ea3n sao c\u1ee7a t\u00f4i!\" \/><\/div><input type=\"hidden\" id=\"ct_checkjs_cf7_cdc0d6e63aa8e41c89689f54970bb35f\" name=\"ct_checkjs_cf7\" value=\"0\" \/><script >setTimeout(function(){var ct_input_name = \"ct_checkjs_cf7_cdc0d6e63aa8e41c89689f54970bb35f\";if (document.getElementById(ct_input_name) !== null) {var ct_input_value = document.getElementById(ct_input_name).value;document.getElementById(ct_input_name).value = document.getElementById(ct_input_name).value.replace(ct_input_value, '0fcb93945d8a9dd3f0dcd6127005228d26defab8a303dc95a454b097976a6d1d');}}, 1000);<\/script><input\n                    class=\"apbct_special_field apbct_email_id__wp_contact_form_7\"\n                    name=\"apbct__email_id__wp_contact_form_7\"\n                    aria-label=\"apbct__label_id__wp_contact_form_7\"\n                    type=\"text\" size=\"30\" maxlength=\"200\" autocomplete=\"off\"\n                    value=\"\"\n                \/><div class=\"wpcf7-response-output\" aria-hidden=\"true\"><\/div>\n<input\n                    class=\"apbct_special_field apbct_email_id__elementor_form\"\n                    name=\"apbct__email_id__elementor_form\"\n                    aria-label=\"apbct__label_id__elementor_form\"\n                    type=\"text\" size=\"30\" maxlength=\"200\" autocomplete=\"off\"\n                    value=\"\"\n                \/><\/form>\n<\/div>\n<\/div>\n            <\/div>\t\t\t\t<\/div>\n\t\t\t\t<\/div>\n\t\t\t\t\t<\/div>\n\t\t<\/div>\n\t\t\t\t\t<\/div>\n\t\t<\/section>\n\t\t\t\t\t<\/div>\n\t\t<\/div>\n\t\t\t\t\t<\/div>\n\t\t<\/section>\n\t\t\t\t<\/div>\n\t\t","protected":false},"excerpt":{"rendered":"<p>L\u1ef1a ch\u1ecdn th\u1ef1c ph\u1ea9m l\u00e0nh m\u1ea1nh t\u1eeb Trader Joe&#8217;s cho nhu c\u1ea7u n\u1ea5u \u0103n l\u00e0nh m\u1ea1nh c\u1ee7a b\u1ea1n \u0110\u1ed2 \u0102N NH\u1eb8 T\u0102NG C\u01af\u1edcNG S\u1ee8C M\u1ea0NH 10+ m\u00f3n \u0103n nh\u1eb9 l\u00e0nh m\u1ea1nh ch\u1ec9 m\u1ea5t 10 ph\u00fat ho\u1eb7c \u00edt h\u01a1n \u0111\u1ec3 ch\u1ebf<\/p>\n","protected":false},"author":1,"featured_media":0,"parent":0,"menu_order":0,"comment_status":"closed","ping_status":"closed","template":"elementor_header_footer","meta":{"footnotes":""},"class_list":["post-11247","page","type-page","status-publish","hentry"],"yoast_head":"<!-- This site is optimized with the Yoast SEO plugin v27.4 - https:\/\/yoast.com\/product\/yoast-seo-wordpress\/ -->\n<title>H\u01b0\u1edbng d\u1eabn mi\u1ec5n ph\u00ed - Nutrition Solutions for Me<\/title>\n<meta name=\"robots\" content=\"index, follow, max-snippet:-1, max-image-preview:large, max-video-preview:-1\" \/>\n<link rel=\"canonical\" href=\"https:\/\/www.nutritionsolutionsforme.com\/vi\/huong-dan-mien-phi\/\" \/>\n<meta property=\"og:locale\" content=\"vi_VN\" \/>\n<meta property=\"og:type\" content=\"article\" \/>\n<meta property=\"og:title\" content=\"H\u01b0\u1edbng d\u1eabn mi\u1ec5n ph\u00ed - Nutrition Solutions for Me\" \/>\n<meta property=\"og:description\" content=\"L\u1ef1a ch\u1ecdn th\u1ef1c ph\u1ea9m l\u00e0nh m\u1ea1nh t\u1eeb Trader Joe&#8217;s cho nhu c\u1ea7u n\u1ea5u \u0103n l\u00e0nh m\u1ea1nh c\u1ee7a b\u1ea1n \u0110\u1ed2 \u0102N NH\u1eb8 T\u0102NG C\u01af\u1edcNG S\u1ee8C M\u1ea0NH 10+ m\u00f3n \u0103n nh\u1eb9 l\u00e0nh m\u1ea1nh ch\u1ec9 m\u1ea5t 10 ph\u00fat ho\u1eb7c \u00edt h\u01a1n \u0111\u1ec3 ch\u1ebf\" \/>\n<meta property=\"og:url\" content=\"https:\/\/www.nutritionsolutionsforme.com\/vi\/huong-dan-mien-phi\/\" \/>\n<meta property=\"og:site_name\" content=\"Nutrition Solutions for Me\" \/>\n<meta property=\"article:publisher\" content=\"https:\/\/www.facebook.com\/NutritionSolutionsForMe\/\" \/>\n<meta property=\"article:modified_time\" content=\"2024-09-17T12:19:47+00:00\" \/>\n<meta property=\"og:image\" content=\"https:\/\/www.nutritionsolutionsforme.com\/wp-content\/uploads\/2021\/05\/free-guide.png\" \/>\n<meta name=\"twitter:card\" content=\"summary_large_image\" \/>\n<meta name=\"twitter:site\" content=\"@nutrisols\" \/>\n<meta name=\"twitter:label1\" content=\"Est. reading time\" \/>\n\t<meta name=\"twitter:data1\" content=\"1 minute\" \/>\n<!-- \/ Yoast SEO plugin. -->","yoast_head_json":{"title":"H\u01b0\u1edbng d\u1eabn mi\u1ec5n ph\u00ed - Nutrition Solutions for Me","robots":{"index":"index","follow":"follow","max-snippet":"max-snippet:-1","max-image-preview":"max-image-preview:large","max-video-preview":"max-video-preview:-1"},"canonical":"https:\/\/www.nutritionsolutionsforme.com\/vi\/huong-dan-mien-phi\/","og_locale":"vi_VN","og_type":"article","og_title":"H\u01b0\u1edbng d\u1eabn mi\u1ec5n ph\u00ed - Nutrition Solutions for Me","og_description":"L\u1ef1a ch\u1ecdn th\u1ef1c ph\u1ea9m l\u00e0nh m\u1ea1nh t\u1eeb Trader Joe&#8217;s cho nhu c\u1ea7u n\u1ea5u \u0103n l\u00e0nh m\u1ea1nh c\u1ee7a b\u1ea1n \u0110\u1ed2 \u0102N NH\u1eb8 T\u0102NG C\u01af\u1edcNG S\u1ee8C M\u1ea0NH 10+ m\u00f3n \u0103n nh\u1eb9 l\u00e0nh m\u1ea1nh ch\u1ec9 m\u1ea5t 10 ph\u00fat ho\u1eb7c \u00edt h\u01a1n \u0111\u1ec3 ch\u1ebf","og_url":"https:\/\/www.nutritionsolutionsforme.com\/vi\/huong-dan-mien-phi\/","og_site_name":"Nutrition Solutions for Me","article_publisher":"https:\/\/www.facebook.com\/NutritionSolutionsForMe\/","article_modified_time":"2024-09-17T12:19:47+00:00","og_image":[{"url":"https:\/\/www.nutritionsolutionsforme.com\/wp-content\/uploads\/2021\/05\/free-guide.png","type":"","width":"","height":""}],"twitter_card":"summary_large_image","twitter_site":"@nutrisols","twitter_misc":{"Est. reading time":"1 minute"},"schema":{"@context":"https:\/\/schema.org","@graph":[]}},"_links":{"self":[{"href":"https:\/\/www.nutritionsolutionsforme.com\/vi\/wp-json\/wp\/v2\/pages\/11247","targetHints":{"allow":["GET"]}}],"collection":[{"href":"https:\/\/www.nutritionsolutionsforme.com\/vi\/wp-json\/wp\/v2\/pages"}],"about":[{"href":"https:\/\/www.nutritionsolutionsforme.com\/vi\/wp-json\/wp\/v2\/types\/page"}],"author":[{"embeddable":true,"href":"https:\/\/www.nutritionsolutionsforme.com\/vi\/wp-json\/wp\/v2\/users\/1"}],"replies":[{"embeddable":true,"href":"https:\/\/www.nutritionsolutionsforme.com\/vi\/wp-json\/wp\/v2\/comments?post=11247"}],"version-history":[{"count":2,"href":"https:\/\/www.nutritionsolutionsforme.com\/vi\/wp-json\/wp\/v2\/pages\/11247\/revisions"}],"predecessor-version":[{"id":11251,"href":"https:\/\/www.nutritionsolutionsforme.com\/vi\/wp-json\/wp\/v2\/pages\/11247\/revisions\/11251"}],"wp:attachment":[{"href":"https:\/\/www.nutritionsolutionsforme.com\/vi\/wp-json\/wp\/v2\/media?parent=11247"}],"curies":[{"name":"wp","href":"https:\/\/api.w.org\/{rel}","templated":true}]}}