{"id":11157,"date":"2023-05-25T14:02:34","date_gmt":"2023-05-25T19:02:34","guid":{"rendered":"https:\/\/www.nutritionsolutionsforme.com\/cay-ke-sua-sieu-cap-x\/"},"modified":"2024-09-17T07:19:02","modified_gmt":"2024-09-17T12:19:02","slug":"cay-ke-sua-sieu-cap-x","status":"publish","type":"page","link":"https:\/\/www.nutritionsolutionsforme.com\/vi\/cay-ke-sua-sieu-cap-x\/","title":{"rendered":"C\u00e2y K\u1ebf S\u1eefa Si\u00eau C\u1ea5p X"},"content":{"rendered":"<div align=\"center\"><script src=\"\/\/us.fullscript.com\/oembed\/embed.js\" data-fs='{\"product_id\":\"59355\",\"store_slug\":\"pshah1578339572\",\"return\":\"product_card\"}'><\/script><\/div>\n<p><strong>C\u00e2y k\u1ebf s\u1eefa si\u00eau c\u1ea5p\u00ae<\/strong>  X tr\u00ecnh b\u00e0y m\u1ed9t s\u1ef1 k\u1ebft h\u1ee3p hi\u1ec7u qu\u1ea3 c\u1ee7a c\u00e2y k\u1ebf s\u1eefa (Silybum marianum) c\u00f3 th\u1ec3 ti\u1ebfp c\u1eadn sinh h\u1ecdc v\u00e0 c\u00e1c lo\u1ea1i th\u1ea3o m\u1ed9c kh\u00e1c c\u00f3 t\u00e1c d\u1ee5ng hi\u1ec7p \u0111\u1ed3ng g\u00f3p ph\u1ea7n v\u00e0o ch\u1ee9c n\u0103ng gan kh\u1ecfe m\u1ea1nh.* Super Milk Thistle\u00ae X l\u00e0 m\u1ed9t h\u1ed7n h\u1ee3p \u0111\u01b0\u1ee3c pha ch\u1ebf c\u1ea9n th\u1eadn t\u1eeb chi\u1ebft xu\u1ea5t qu\u1ea3 k\u1ebf s\u1eefa, chi\u1ebft xu\u1ea5t l\u00e1 atis\u00f4, chi\u1ebft xu\u1ea5t r\u1ec5 b\u1ed3 c\u00f4ng anh v\u00e0 chi\u1ebft xu\u1ea5t r\u1ec5 cam th\u1ea3o. Chi\u1ebft xu\u1ea5t qu\u1ea3 k\u1ebf s\u1eefa \u0111\u01b0\u1ee3c chu\u1ea9n h\u00f3a \u0111\u1ec3 cung c\u1ea5p 80% silymarin v\u00e0 \u0111\u01b0\u1ee3c li\u00ean k\u1ebft v\u1edbi phytosome \u0111\u1ec3 t\u0103ng c\u01b0\u1eddng kh\u1ea3 n\u0103ng h\u1ea5p th\u1ee5.* C\u00f4ng th\u1ee9c \u0111\u01b0\u1ee3c thi\u1ebft k\u1ebf chuy\u00ean nghi\u1ec7p n\u00e0y ch\u1ee7 \u0111\u1ed9ng h\u1ed7 tr\u1ee3 ch\u1ee9c n\u0103ng gan, \u0111\u1ed3ng th\u1eddi h\u1ed7 tr\u1ee3 s\u1ea3n xu\u1ea5t v\u00e0 l\u01b0u th\u00f4ng m\u1eadt.*  <strong>\u0110i\u1ec3m n\u1ed5i b\u1eadt ch\u00ednh:<\/strong>  K\u1ebft h\u1ee3p chi\u1ebft xu\u1ea5t c\u00e2y k\u1ebf s\u1eefa li\u00ean k\u1ebft v\u1edbi phytosome \u0111\u1ec3 t\u1ed1i \u01b0u h\u00f3a kh\u1ea3 d\u1ee5ng sinh h\u1ecdc* \u0110\u01b0\u1ee3c b\u1ed5 sung c\u00e1c lo\u1ea1i th\u1ea3o m\u1ed9c c\u00f3 l\u1ee3i h\u1ed7 tr\u1ee3 l\u01b0u th\u00f4ng m\u1eadt v\u00e0 ch\u1ee9c n\u0103ng gan kh\u1ecfe m\u1ea1nh* \u0110\u01b0\u1ee3c ch\u1ebf t\u1ea1o theo c\u00f4ng th\u1ee9c th\u00e2n thi\u1ec7n v\u1edbi ng\u01b0\u1eddi \u0103n chay Li\u1ec1u d\u00f9ng \u0111\u01b0\u1ee3c k\u00ea \u0111\u01a1n l\u00e0 m\u1ed9t vi\u00ean nang th\u1ef1c v\u1eadt, hai ho\u1eb7c ba l\u1ea7n m\u1ed9t ng\u00e0y ho\u1eb7c theo ch\u1ec9 d\u1eabn c\u1ee7a chuy\u00ean gia ch\u0103m s\u00f3c s\u1ee9c kh\u1ecfe c\u1ee7a b\u1ea1n.  <strong>Kh\u1ea9u ph\u1ea7n \u0103n:<\/strong>  1 vi\u00ean nang chay  <strong>H\u1ed3 s\u01a1 dinh d\u01b0\u1ee1ng cho m\u1ed7i kh\u1ea9u ph\u1ea7n<\/strong>  Chi\u1ebft xu\u1ea5t h\u1ea1t c\u00e2y k\u1ebf s\u1eefa (Silybum marianum) \u0111\u01b0\u1ee3c chu\u1ea9n h\u00f3a \u0111\u1ec3 ch\u1ee9a 55% silymarin, \u0111\u01b0\u1ee3c t\u00ednh theo Silybin &#8230; 254mg Chi\u1ebft xu\u1ea5t l\u00e1 atis\u00f4 (Cynara Scolymus) \u0111\u01b0\u1ee3c chu\u1ea9n h\u00f3a \u0111\u1ec3 ch\u1ee9a 13 %-18% axit caffeoylquinic \u0111\u01b0\u1ee3c t\u00ednh theo axit chlorogenic &#8230; 40mg Chi\u1ebft xu\u1ea5t r\u1ec5 b\u1ed3 c\u00f4ng anh (Taraxacum officinale) &#8230; 10mg Chi\u1ebft xu\u1ea5t r\u1ec5 cam th\u1ea3o (Glycyrrhiza glabra) \u0111\u01b0\u1ee3c chu\u1ea9n h\u00f3a \u0111\u1ec3 ch\u1ee9a 5% axit glycyrrhizinic &#8230; 10mg  <strong>Th\u00e0nh ph\u1ea7n b\u1ed5 sung:<\/strong>  cellulose, hydroxypropyl methylcellulose (vi\u00ean nang th\u1ef1c v\u1eadt), magnesi stearat, silicon dioxide Super Milk Thistle\u00ae X kh\u00f4ng ch\u1ee9a: M\u00e0u nh\u00e2n t\u1ea1o H\u01b0\u01a1ng v\u1ecb nh\u00e2n t\u1ea1o S\u1ea3n ph\u1ea9m t\u1eeb s\u1eefa Gluten Th\u00e0nh ph\u1ea7n c\u00f3 ngu\u1ed3n g\u1ed1c t\u1eeb \u0111\u1ed9ng v\u1eadt Ch\u1ea5t b\u1ea3o qu\u1ea3n \u0110\u1eadu n\u00e0nh \u0110\u01b0\u1eddng L\u00faa m\u00ec Men  <strong>C\u00e1c bi\u1ec7n ph\u00e1p ph\u00f2ng ng\u1eeba:<\/strong>  Ph\u1ee5 n\u1eef c\u00f3 thai ho\u1eb7c cho con b\u00fa, nh\u1eefng ng\u01b0\u1eddi b\u1ecb huy\u1ebft \u00e1p cao ho\u1eb7c b\u1ec7nh tim m\u1ea1ch n\u00ean tr\u00e1nh s\u1eed d\u1ee5ng s\u1ea3n ph\u1ea9m n\u00e0y. T\u01b0\u01a1ng t\u1ef1 nh\u01b0 v\u1eady, nh\u1eefng ng\u01b0\u1eddi b\u1ecb t\u1eafc \u1ed1ng m\u1eadt ho\u1eb7c d\u1ecb \u1ee9ng v\u1edbi c\u00e1c lo\u1ea1i c\u00e2y thu\u1ed9c h\u1ecd C\u00fac (Compositae), bao g\u1ed3m c\u1ea3 c\u00e2y c\u1ecf ph\u1ea5n h\u01b0\u01a1ng, kh\u00f4ng n\u00ean s\u1eed d\u1ee5ng. Nh\u1eefng ng\u01b0\u1eddi b\u1ecb s\u1ecfi m\u1eadt ho\u1eb7c \u0111ang d\u00f9ng thu\u1ed1c theo toa n\u00ean tham kh\u1ea3o \u00fd ki\u1ebfn chuy\u00ean gia ch\u0103m s\u00f3c s\u1ee9c kh\u1ecfe tr\u01b0\u1edbc khi s\u1eed d\u1ee5ng s\u1ea3n ph\u1ea9m n\u00e0y.    <img fetchpriority=\"high\" decoding=\"async\" class=\"size-full wp-image-6317 aligncenter\" src=\"https:\/\/www.nutritionsolutionsforme.com\/wp-content\/uploads\/2023\/05\/Super-Milk-Thistle-X.png\" alt=\"C\u00e2y K\u1ebf S\u1eefa Si\u00eau C\u1ea5p X\" width=\"1000\" height=\"1000\" srcset=\"https:\/\/www.nutritionsolutionsforme.com\/wp-content\/uploads\/2023\/05\/Super-Milk-Thistle-X.png 1000w, https:\/\/www.nutritionsolutionsforme.com\/wp-content\/uploads\/2023\/05\/Super-Milk-Thistle-X-300x300.png 300w, https:\/\/www.nutritionsolutionsforme.com\/wp-content\/uploads\/2023\/05\/Super-Milk-Thistle-X-150x150.png 150w, https:\/\/www.nutritionsolutionsforme.com\/wp-content\/uploads\/2023\/05\/Super-Milk-Thistle-X-768x768.png 768w, https:\/\/www.nutritionsolutionsforme.com\/wp-content\/uploads\/2023\/05\/Super-Milk-Thistle-X-75x75.png 75w, https:\/\/www.nutritionsolutionsforme.com\/wp-content\/uploads\/2023\/05\/Super-Milk-Thistle-X-270x270.png 270w, https:\/\/www.nutritionsolutionsforme.com\/wp-content\/uploads\/2023\/05\/Super-Milk-Thistle-X-230x230.png 230w\" sizes=\"(max-width: 1000px) 100vw, 1000px\" \/><\/p>\n<p><script type=\"application\/ld+json\">\n{\n  \"@context\": \"http:\/\/schema.org\",\n  \"@type\": \"WebPage\",\n  \"url\": \"https:\/\/www.nutritionsolutionsforme.com\/super-milk-thistle-x\/\",\n  \"name\": \"Super Milk Thistle X - Enhanced Liver Support\",\n  \"description\": \"Discover the benefits of Super Milk Thistle X, a powerful blend of bioavailable milk thistle extract and supportive herbs for optimal liver health. With improved bioavailability and a vegetarian formula, it promotes healthy liver function and bile flow. Order now!\",\n  \"image\": \"https:\/\/www.nutritionsolutionsforme.com\/wp-content\/uploads\/2023\/05\/Super-Milk-Thistle-X.png\",\n  \"offers\": {\n\t\"@type\": \"Offer\",\n\t\"url\": \"https:\/\/www.nutritionsolutionsforme.com\/super-milk-thistle-x\/\",\n\t\"priceCurrency\": \"USD\",\n\t\"price\": \"45.99\",\n\t\"availability\": \"InStock\"\n  }\n}\n<\/script><\/p>\n<p><script type=\"application\/ld+json\">\n{\n  \"@context\": \"http:\/\/schema.org\",\n  \"@type\": \"Product\",\n  \"name\": \"Super Milk Thistle X\",\n  \"description\": \"Super Milk Thistle X is a powerful blend of bioavailable milk thistle extract and supportive herbs, designed to promote healthy liver function and bile flow. With improved bioavailability and a vegetarian formula, it provides optimal liver support.\",\n  \"image\": \"https:\/\/www.nutritionsolutionsforme.com\/wp-content\/uploads\/2023\/05\/Super-Milk-Thistle-X.png\",\n  \"brand\": {\n\t\"@type\": \"Brand\",\n\t\"name\": \"Super Milk Thistle X\"\n  },\n  \"offers\": {\n\t\"@type\": \"Offer\",\n\t\"url\": \"https:\/\/www.nutritionsolutionsforme.com\/super-milk-thistle-x\/\",\n\t\"priceCurrency\": \"USD\",\n\t\"price\": \"45.99\",\n\t\"availability\": \"InStock\"\n  }\n}\n<\/script><\/p>\n<p><script type=\"application\/ld+json\">\n{\n  \"@context\": \"http:\/\/schema.org\",\n  \"@type\": \"FAQPage\",\n  \"mainEntity\": [\n\t{\n  \t\"@type\": \"Question\",\n  \t\"name\": \"How should I take Super Milk Thistle X?\",\n  \t\"acceptedAnswer\": {\n    \t\"@type\": \"Answer\",\n    \t\"text\": \"Take 1 capsule of Super Milk Thistle X two or three times daily, or as recommended by your healthcare professional. It is best to take it with meals.\"\n  \t}\n\t},\n\t{\n  \t\"@type\": \"Question\",\n  \t\"name\": \"What are the main ingredients in Super Milk Thistle X?\",\n  \t\"acceptedAnswer\": {\n    \t\"@type\": \"Answer\",\n    \t\"text\": \"Super Milk Thistle X contains milk thistle seed extract, artichoke leaf extract, dandelion root extract, and licorice root extract. These ingredients work synergistically to support healthy liver function and bile flow.\"\n  \t}\n\t},\n\t{\n  \t\"@type\": \"Question\",\n  \t\"name\": \"Is Super Milk Thistle X suitable for vegetarians?\",\n  \t\"acceptedAnswer\": {\n    \t\"@type\": \"Answer\",\n    \t\"text\": \"Yes, Super Milk Thistle X is a vegetarian formula, making it suitable for individuals following a vegetarian lifestyle.\"\n  \t}\n\t},\n\t{\n  \t\"@type\": \"Question\",\n  \t\"name\": \"Are there any allergens in Super Milk Thistle X?\",\n  \t\"acceptedAnswer\": {\n    \t\"@type\": \"Answer\",\n    \t\"text\": \"Super Milk Thistle X does not contain dairy products, gluten, soy, sugar, wheat, yeast, or ingredients of animal origin. However, it does contain cellulose, which is derived from plants.\"\n  \t}\n\t},\n\t{\n  \t\"@type\": \"Question\",\n  \t\"name\": \"Are there any precautions or contraindications for using Super Milk Thistle X?\",\n  \t\"acceptedAnswer\": {\n    \t\"@type\": \"Answer\",\n    \t\"text\": \"Avoid using Super Milk Thistle X if you are pregnant or nursing, have high blood pressure or cardiovascular disease, or if you have a bile duct obstruction. If you have gallstones or are taking prescription drugs, it's best to consult your healthcare professional before use.\"\n  \t}\n\t}\n  ]\n}\n<\/script><\/p>\n","protected":false},"excerpt":{"rendered":"<p>C\u00e2y k\u1ebf s\u1eefa si\u00eau c\u1ea5p\u00ae X tr\u00ecnh b\u00e0y m\u1ed9t s\u1ef1 k\u1ebft h\u1ee3p hi\u1ec7u qu\u1ea3 c\u1ee7a c\u00e2y k\u1ebf s\u1eefa (Silybum marianum) c\u00f3 th\u1ec3 ti\u1ebfp c\u1eadn sinh h\u1ecdc v\u00e0 c\u00e1c lo\u1ea1i th\u1ea3o m\u1ed9c kh\u00e1c c\u00f3 t\u00e1c d\u1ee5ng hi\u1ec7p \u0111\u1ed3ng g\u00f3p ph\u1ea7n v\u00e0o<\/p>\n","protected":false},"author":7,"featured_media":0,"parent":0,"menu_order":0,"comment_status":"closed","ping_status":"closed","template":"","meta":{"footnotes":""},"class_list":["post-11157","page","type-page","status-publish","hentry"],"yoast_head":"<!-- This site is optimized with the Yoast SEO plugin v27.4 - https:\/\/yoast.com\/product\/yoast-seo-wordpress\/ -->\n<title>T\u0103ng c\u01b0\u1eddng s\u1ee9c kh\u1ecfe gan v\u1edbi Super Milk Thistle X | Th\u1ea3o d\u01b0\u1ee3c h\u1ed7 tr\u1ee3 ch\u1ee9c n\u0103ng gan t\u1ed1i \u01b0u<\/title>\n<meta name=\"description\" content=\"Super Milk Thistle X k\u1ebft h\u1ee3p chi\u1ebft xu\u1ea5t c\u00e2y k\u1ebf s\u1eefa sinh h\u1ecdc v\u1edbi c\u00e1c lo\u1ea1i th\u1ea3o m\u1ed9c h\u1ed7 tr\u1ee3 nh\u01b0 atis\u00f4 v\u00e0 b\u1ed3 c\u00f4ng anh \u0111\u1ec3 th\u00fac \u0111\u1ea9y ch\u1ee9c n\u0103ng gan kh\u1ecfe m\u1ea1nh v\u00e0 l\u01b0u th\u00f4ng m\u1eadt. Tr\u1ea3i nghi\u1ec7m l\u1ee3i \u00edch c\u1ea3i thi\u1ec7n s\u1ee9c kh\u1ecfe gan v\u1edbi c\u00f4ng th\u1ee9c chay n\u00e0y.\" \/>\n<meta name=\"robots\" content=\"index, follow, max-snippet:-1, max-image-preview:large, max-video-preview:-1\" \/>\n<link rel=\"canonical\" href=\"https:\/\/www.nutritionsolutionsforme.com\/vi\/cay-ke-sua-sieu-cap-x\/\" \/>\n<meta property=\"og:locale\" content=\"vi_VN\" \/>\n<meta property=\"og:type\" content=\"article\" \/>\n<meta property=\"og:title\" content=\"T\u0103ng c\u01b0\u1eddng s\u1ee9c kh\u1ecfe gan v\u1edbi Super Milk Thistle X | Th\u1ea3o d\u01b0\u1ee3c h\u1ed7 tr\u1ee3 ch\u1ee9c n\u0103ng gan t\u1ed1i \u01b0u\" \/>\n<meta property=\"og:description\" content=\"Super Milk Thistle X k\u1ebft h\u1ee3p chi\u1ebft xu\u1ea5t c\u00e2y k\u1ebf s\u1eefa sinh h\u1ecdc v\u1edbi c\u00e1c lo\u1ea1i th\u1ea3o m\u1ed9c h\u1ed7 tr\u1ee3 nh\u01b0 atis\u00f4 v\u00e0 b\u1ed3 c\u00f4ng anh \u0111\u1ec3 th\u00fac \u0111\u1ea9y ch\u1ee9c n\u0103ng gan kh\u1ecfe m\u1ea1nh v\u00e0 l\u01b0u th\u00f4ng m\u1eadt. Tr\u1ea3i nghi\u1ec7m l\u1ee3i \u00edch c\u1ea3i thi\u1ec7n s\u1ee9c kh\u1ecfe gan v\u1edbi c\u00f4ng th\u1ee9c chay n\u00e0y.\" \/>\n<meta property=\"og:url\" content=\"https:\/\/www.nutritionsolutionsforme.com\/vi\/cay-ke-sua-sieu-cap-x\/\" \/>\n<meta property=\"og:site_name\" content=\"Nutrition Solutions for Me\" \/>\n<meta property=\"article:publisher\" content=\"https:\/\/www.facebook.com\/NutritionSolutionsForMe\/\" \/>\n<meta property=\"article:modified_time\" content=\"2024-09-17T12:19:02+00:00\" \/>\n<meta property=\"og:image\" content=\"https:\/\/www.nutritionsolutionsforme.com\/wp-content\/uploads\/2023\/05\/Super-Milk-Thistle-X.png\" \/>\n<meta name=\"twitter:card\" content=\"summary_large_image\" \/>\n<meta name=\"twitter:site\" content=\"@nutrisols\" \/>\n<meta name=\"twitter:label1\" content=\"Est. reading time\" \/>\n\t<meta name=\"twitter:data1\" content=\"3 minutes\" \/>\n<!-- \/ Yoast SEO plugin. -->","yoast_head_json":{"title":"T\u0103ng c\u01b0\u1eddng s\u1ee9c kh\u1ecfe gan v\u1edbi Super Milk Thistle X | Th\u1ea3o d\u01b0\u1ee3c h\u1ed7 tr\u1ee3 ch\u1ee9c n\u0103ng gan t\u1ed1i \u01b0u","description":"Super Milk Thistle X k\u1ebft h\u1ee3p chi\u1ebft xu\u1ea5t c\u00e2y k\u1ebf s\u1eefa sinh h\u1ecdc v\u1edbi c\u00e1c lo\u1ea1i th\u1ea3o m\u1ed9c h\u1ed7 tr\u1ee3 nh\u01b0 atis\u00f4 v\u00e0 b\u1ed3 c\u00f4ng anh \u0111\u1ec3 th\u00fac \u0111\u1ea9y ch\u1ee9c n\u0103ng gan kh\u1ecfe m\u1ea1nh v\u00e0 l\u01b0u th\u00f4ng m\u1eadt. Tr\u1ea3i nghi\u1ec7m l\u1ee3i \u00edch c\u1ea3i thi\u1ec7n s\u1ee9c kh\u1ecfe gan v\u1edbi c\u00f4ng th\u1ee9c chay n\u00e0y.","robots":{"index":"index","follow":"follow","max-snippet":"max-snippet:-1","max-image-preview":"max-image-preview:large","max-video-preview":"max-video-preview:-1"},"canonical":"https:\/\/www.nutritionsolutionsforme.com\/vi\/cay-ke-sua-sieu-cap-x\/","og_locale":"vi_VN","og_type":"article","og_title":"T\u0103ng c\u01b0\u1eddng s\u1ee9c kh\u1ecfe gan v\u1edbi Super Milk Thistle X | Th\u1ea3o d\u01b0\u1ee3c h\u1ed7 tr\u1ee3 ch\u1ee9c n\u0103ng gan t\u1ed1i \u01b0u","og_description":"Super Milk Thistle X k\u1ebft h\u1ee3p chi\u1ebft xu\u1ea5t c\u00e2y k\u1ebf s\u1eefa sinh h\u1ecdc v\u1edbi c\u00e1c lo\u1ea1i th\u1ea3o m\u1ed9c h\u1ed7 tr\u1ee3 nh\u01b0 atis\u00f4 v\u00e0 b\u1ed3 c\u00f4ng anh \u0111\u1ec3 th\u00fac \u0111\u1ea9y ch\u1ee9c n\u0103ng gan kh\u1ecfe m\u1ea1nh v\u00e0 l\u01b0u th\u00f4ng m\u1eadt. Tr\u1ea3i nghi\u1ec7m l\u1ee3i \u00edch c\u1ea3i thi\u1ec7n s\u1ee9c kh\u1ecfe gan v\u1edbi c\u00f4ng th\u1ee9c chay n\u00e0y.","og_url":"https:\/\/www.nutritionsolutionsforme.com\/vi\/cay-ke-sua-sieu-cap-x\/","og_site_name":"Nutrition Solutions for Me","article_publisher":"https:\/\/www.facebook.com\/NutritionSolutionsForMe\/","article_modified_time":"2024-09-17T12:19:02+00:00","og_image":[{"url":"https:\/\/www.nutritionsolutionsforme.com\/wp-content\/uploads\/2023\/05\/Super-Milk-Thistle-X.png","type":"","width":"","height":""}],"twitter_card":"summary_large_image","twitter_site":"@nutrisols","twitter_misc":{"Est. reading time":"3 minutes"},"schema":{"@context":"https:\/\/schema.org","@graph":[]}},"_links":{"self":[{"href":"https:\/\/www.nutritionsolutionsforme.com\/vi\/wp-json\/wp\/v2\/pages\/11157","targetHints":{"allow":["GET"]}}],"collection":[{"href":"https:\/\/www.nutritionsolutionsforme.com\/vi\/wp-json\/wp\/v2\/pages"}],"about":[{"href":"https:\/\/www.nutritionsolutionsforme.com\/vi\/wp-json\/wp\/v2\/types\/page"}],"author":[{"embeddable":true,"href":"https:\/\/www.nutritionsolutionsforme.com\/vi\/wp-json\/wp\/v2\/users\/7"}],"replies":[{"embeddable":true,"href":"https:\/\/www.nutritionsolutionsforme.com\/vi\/wp-json\/wp\/v2\/comments?post=11157"}],"version-history":[{"count":1,"href":"https:\/\/www.nutritionsolutionsforme.com\/vi\/wp-json\/wp\/v2\/pages\/11157\/revisions"}],"predecessor-version":[{"id":11159,"href":"https:\/\/www.nutritionsolutionsforme.com\/vi\/wp-json\/wp\/v2\/pages\/11157\/revisions\/11159"}],"wp:attachment":[{"href":"https:\/\/www.nutritionsolutionsforme.com\/vi\/wp-json\/wp\/v2\/media?parent=11157"}],"curies":[{"name":"wp","href":"https:\/\/api.w.org\/{rel}","templated":true}]}}