{"id":8866,"date":"2023-05-23T09:09:27","date_gmt":"2023-05-23T14:09:27","guid":{"rendered":"https:\/\/www.nutritionsolutionsforme.com\/proomega-d\/"},"modified":"2023-05-23T09:09:27","modified_gmt":"2023-05-23T14:09:27","slug":"proomega-d","status":"publish","type":"page","link":"https:\/\/www.nutritionsolutionsforme.com\/es\/proomega-d\/","title":{"rendered":"ProOmega\u00ae-D"},"content":{"rendered":"<div align=\"center\"><script src=\"\/\/us.fullscript.com\/oembed\/embed.js\" data-fs='{\"product_id\":\"66521\",\"store_slug\":\"pshah1578339572\",\"return\":\"product_card\"}'><\/script><\/div>\n<p><strong>ProOmega\u00ae-D<\/strong> es una potente formulaci\u00f3n que ofrece niveles mejorados de EPA+DHA, que constituyen \u00e1cidos grasos omega-3 esenciales, envasados en un menor n\u00famero de geles blandos. Enriquecido con vitamina D3 natural, contribuye al fortalecimiento de los huesos y favorece un sistema inmunitario robusto.*<\/p>\n<p>ProOmega\u00ae-D destaca por su alta concentraci\u00f3n de \u00e1cidos grasos omega-3, EPA y DHA, junto con la adici\u00f3n de 1000 UI de vitamina D3. La vitamina D3, tambi\u00e9n conocida como colecalciferol, es la variante de la vitamina D que nuestro cuerpo produce de forma natural y tiene propiedades superiores de absorci\u00f3n y utilizaci\u00f3n en comparaci\u00f3n con otras formas.<\/p>\n<p>El consumo recomendado es de dos c\u00e1psulas blandas al d\u00eda, idealmente acompa\u00f1adas de comida, o seg\u00fan te aconseje tu profesional sanitario o farmac\u00e9utico.<\/p>\n<p><strong>Dosis:<\/strong> Dos c\u00e1psulas blandas<\/p>\n<p><strong>Informaci\u00f3n nutricional por raci\u00f3n<\/strong><br \/>\nCalor\u00edas: 20 (Todas de grasa)<br \/>\nGrasa total: 2,0 g<br \/>\nGrasas saturadas: 0,1 g<br \/>\nGrasas trans: 0g<br \/>\nVitamina D3 (colecalciferol): 1000IU<br \/>\nOmega-3 total: 1280 mg<br \/>\nEPA (\u00c1cido eicosapentaenoico): 650 mg<br \/>\nDHA (\u00c1cido Docosahexaenoico): 450 mg<br \/>\nOtros Omega-3: 180 mg<\/p>\n<p><strong>Ingredientes:<\/strong> El producto contiene aceite de pescado de alta mar purificado (procedente de anchoas y sardinas), c\u00e1psula de gelatina blanda a base de gelatina, sabor natural a lim\u00f3n, d-alfa tocoferol, vitamina D3 (colecalciferol en aceite de oliva) y extracto de romero (un conservante natural).<\/p>\n<p><strong>Exclusiones:<\/strong><br \/>\nEste producto no contiene gluten, derivados l\u00e1cteos, colorantes artificiales ni aromas artificiales.<\/p>\n<p><strong>Instrucciones de almacenamiento:<\/strong><br \/>\nConserva el producto en un lugar fresco y seco, protegido de la luz solar. No consumas si el precinto de seguridad parece roto o falta. Gu\u00e1rdalo siempre fuera del alcance de los ni\u00f1os.<\/p>\n<p><strong>Advertencia:<\/strong><br \/>\nLas personas al\u00e9rgicas al yodo, que tomen anticoagulantes o vayan a someterse a una intervenci\u00f3n quir\u00fargica deben consultar a su m\u00e9dico antes de utilizar este producto.<\/p>\n<p><img fetchpriority=\"high\" decoding=\"async\" class=\"size-full wp-image-6257 aligncenter\" src=\"https:\/\/www.nutritionsolutionsforme.com\/wp-content\/uploads\/2023\/05\/ProOmega%C2%AE-D.png\" alt=\"ProOmega\u00ae-D\" width=\"1000\" height=\"1000\"><\/p>\n","protected":false},"excerpt":{"rendered":"<p>ProOmega\u00ae-D es una potente formulaci\u00f3n que ofrece niveles mejorados de EPA+DHA, que constituyen \u00e1cidos grasos omega-3 esenciales, envasados en un menor n\u00famero de geles blandos. Enriquecido con vitamina D3 natural, contribuye al fortalecimiento de los huesos y favorece un sistema<\/p>\n","protected":false},"author":1,"featured_media":0,"parent":0,"menu_order":0,"comment_status":"closed","ping_status":"closed","template":"","meta":{"footnotes":""},"class_list":["post-8866","page","type-page","status-publish","hentry"],"yoast_head":"<!-- This site is optimized with the Yoast SEO plugin v27.4 - https:\/\/yoast.com\/product\/yoast-seo-wordpress\/ -->\n<title>ProOmega\u00ae-D: Potente suplemento de Omega-3 con vitamina D3<\/title>\n<meta name=\"description\" content=\"ProOmega\u00ae-D es un potente suplemento de omega-3 enriquecido con vitamina D3 natural, que favorece el fortalecimiento de los huesos y un sistema inmunitario robusto. Experimenta los beneficios de los \u00e1cidos grasos esenciales en menos geles blandos. Compra ahora ProOmega\u00ae-D de alta calidad en Tu marca.\" \/>\n<meta name=\"robots\" content=\"index, follow, max-snippet:-1, max-image-preview:large, max-video-preview:-1\" \/>\n<link rel=\"canonical\" href=\"https:\/\/www.nutritionsolutionsforme.com\/es\/proomega-d\/\" \/>\n<meta property=\"og:locale\" content=\"es_ES\" \/>\n<meta property=\"og:type\" content=\"article\" \/>\n<meta property=\"og:title\" content=\"ProOmega\u00ae-D: Potente suplemento de Omega-3 con vitamina D3\" \/>\n<meta property=\"og:description\" content=\"ProOmega\u00ae-D es un potente suplemento de omega-3 enriquecido con vitamina D3 natural, que favorece el fortalecimiento de los huesos y un sistema inmunitario robusto. Experimenta los beneficios de los \u00e1cidos grasos esenciales en menos geles blandos. Compra ahora ProOmega\u00ae-D de alta calidad en Tu marca.\" \/>\n<meta property=\"og:url\" content=\"https:\/\/www.nutritionsolutionsforme.com\/es\/proomega-d\/\" \/>\n<meta property=\"og:site_name\" content=\"Nutrition Solutions for Me\" \/>\n<meta property=\"article:publisher\" content=\"https:\/\/www.facebook.com\/NutritionSolutionsForMe\/\" \/>\n<meta property=\"og:image\" content=\"https:\/\/www.nutritionsolutionsforme.com\/wp-content\/uploads\/2023\/05\/ProOmega%C2%AE-D.png\" \/>\n<meta name=\"twitter:card\" content=\"summary_large_image\" \/>\n<meta name=\"twitter:site\" content=\"@nutrisols\" \/>\n<meta name=\"twitter:label1\" content=\"Tiempo de lectura\" \/>\n\t<meta name=\"twitter:data1\" content=\"2 minutos\" \/>\n<!-- \/ Yoast SEO plugin. -->","yoast_head_json":{"title":"ProOmega\u00ae-D: Potente suplemento de Omega-3 con vitamina D3","description":"ProOmega\u00ae-D es un potente suplemento de omega-3 enriquecido con vitamina D3 natural, que favorece el fortalecimiento de los huesos y un sistema inmunitario robusto. Experimenta los beneficios de los \u00e1cidos grasos esenciales en menos geles blandos. Compra ahora ProOmega\u00ae-D de alta calidad en Tu marca.","robots":{"index":"index","follow":"follow","max-snippet":"max-snippet:-1","max-image-preview":"max-image-preview:large","max-video-preview":"max-video-preview:-1"},"canonical":"https:\/\/www.nutritionsolutionsforme.com\/es\/proomega-d\/","og_locale":"es_ES","og_type":"article","og_title":"ProOmega\u00ae-D: Potente suplemento de Omega-3 con vitamina D3","og_description":"ProOmega\u00ae-D es un potente suplemento de omega-3 enriquecido con vitamina D3 natural, que favorece el fortalecimiento de los huesos y un sistema inmunitario robusto. Experimenta los beneficios de los \u00e1cidos grasos esenciales en menos geles blandos. Compra ahora ProOmega\u00ae-D de alta calidad en Tu marca.","og_url":"https:\/\/www.nutritionsolutionsforme.com\/es\/proomega-d\/","og_site_name":"Nutrition Solutions for Me","article_publisher":"https:\/\/www.facebook.com\/NutritionSolutionsForMe\/","og_image":[{"url":"https:\/\/www.nutritionsolutionsforme.com\/wp-content\/uploads\/2023\/05\/ProOmega%C2%AE-D.png","type":"","width":"","height":""}],"twitter_card":"summary_large_image","twitter_site":"@nutrisols","twitter_misc":{"Tiempo de lectura":"2 minutos"},"schema":{"@context":"https:\/\/schema.org","@graph":[]}},"_links":{"self":[{"href":"https:\/\/www.nutritionsolutionsforme.com\/es\/wp-json\/wp\/v2\/pages\/8866","targetHints":{"allow":["GET"]}}],"collection":[{"href":"https:\/\/www.nutritionsolutionsforme.com\/es\/wp-json\/wp\/v2\/pages"}],"about":[{"href":"https:\/\/www.nutritionsolutionsforme.com\/es\/wp-json\/wp\/v2\/types\/page"}],"author":[{"embeddable":true,"href":"https:\/\/www.nutritionsolutionsforme.com\/es\/wp-json\/wp\/v2\/users\/1"}],"replies":[{"embeddable":true,"href":"https:\/\/www.nutritionsolutionsforme.com\/es\/wp-json\/wp\/v2\/comments?post=8866"}],"version-history":[{"count":0,"href":"https:\/\/www.nutritionsolutionsforme.com\/es\/wp-json\/wp\/v2\/pages\/8866\/revisions"}],"wp:attachment":[{"href":"https:\/\/www.nutritionsolutionsforme.com\/es\/wp-json\/wp\/v2\/media?parent=8866"}],"curies":[{"name":"wp","href":"https:\/\/api.w.org\/{rel}","templated":true}]}}