{"id":8860,"date":"2023-05-25T13:41:01","date_gmt":"2023-05-25T18:41:01","guid":{"rendered":"https:\/\/www.nutritionsolutionsforme.com\/berberina\/"},"modified":"2023-05-25T13:41:01","modified_gmt":"2023-05-25T18:41:01","slug":"berberina","status":"publish","type":"page","link":"https:\/\/www.nutritionsolutionsforme.com\/es\/berberina\/","title":{"rendered":"Berberina"},"content":{"rendered":"<div align=\"center\"><script src=\"\/\/us.fullscript.com\/oembed\/embed.js\" data-fs='{\"product_id\":\"76659\",\"store_slug\":\"pshah1578339572\",\"return\":\"product_card\"}'><\/script><\/div>\n<div class=\"flex flex-grow flex-col gap-3\">\n<div class=\"min-h-[20px] flex flex-col items-start gap-4 whitespace-pre-wrap break-words\">\n<div class=\"result-streaming markdown prose w-full break-words dark:prose-invert light\">\n<p><strong>La berberina<\/strong>, un bot\u00e1nico ampliamente estudiado y validado por multitud de investigaciones cl\u00ednicas, tiene un rico historial arraigado en los tratamientos herbales tradicionales tanto ayurv\u00e9dicos como chinos, donde encuentra aplicaci\u00f3n en una amplia gama de \u00e1mbitos de la salud.<\/p>\n<p>Las f\u00f3rmulas de berberina meticulosamente elaboradas por Thorne, Berbercap\u00ae y Berberine-500, son conocidas por ofrecer una pl\u00e9tora de ventajas para la salud y el bienestar.<\/p>\n<p>Los <strong>beneficios pol<\/strong> ifac\u00e9ticos <strong>de la berberina<\/strong> incluyen:<\/p>\n<p>Su capacidad para reforzar la funcionalidad del sistema inmunitario y mantener la salud de las mucosas de las v\u00edas respiratorias*.<br \/>\nSu papel en el fomento de un metabolismo saludable del az\u00facar en sangre y en la promoci\u00f3n de la sensibilidad a la insulina*.<br \/>\nSu contribuci\u00f3n al equilibrio de las bacterias beneficiosas del tracto gastrointestinal, favoreciendo as\u00ed un microbioma sano*.<br \/>\nEstudios que indican su eficacia potencial para facilitar el mantenimiento de un peso saludable*.<br \/>\nSu contribuci\u00f3n al mantenimiento de niveles deseables de colesterol*.<\/p>\n<p><strong>Uso recomendado:<\/strong><\/p>\n<p>Administra 1-2 c\u00e1psulas dos veces al d\u00eda con las comidas, o seg\u00fan te indique tu profesional sanitario.<\/p>\n<p><strong>Porci\u00f3n:<\/strong> 2 c\u00e1psulas<\/p>\n<p><strong>Contenido por raci\u00f3n:<\/strong><br \/>\nBerberina HCl &#8230; 1g<br \/>\n(procedente del extracto de agracejo de la India) (ra\u00edz) (Berberis aristata)<\/p>\n<p><strong>Ingredientes adicionales:<\/strong> C\u00e1psula de hipromelosa (procedente de la celulosa), laurato c\u00e1lcico.<\/p>\n<p>Este producto se fabrica en EE.UU. utilizando componentes nacionales e importados.<\/p>\n<p><strong>ADVERTENCIA DE AL\u00c9RGENOS<\/strong><\/p>\n<p>Este producto no est\u00e1 recomendado para personas con antecedentes conocidos de hipersensibilidad a cualquiera de sus componentes.<\/p>\n<p><strong>PRECAUCI\u00d3N DURANTE EL EMBARAZO<\/strong><\/p>\n<p>Si te encuentras en estado de embarazo, lactancia o est\u00e1s pensando en concebir, abstente de utilizar este producto.<\/p>\n<p><strong>INTERACCIONES<\/strong><\/p>\n<p>Existen pruebas de que la berberina puede disminuir la actividad de las enzimas del citocromo p450 (CYP) CYP2D6, CYP2C9 y CYP3A4.<\/p>\n<\/div>\n<\/div>\n<\/div>\n<p><img fetchpriority=\"high\" decoding=\"async\" class=\"size-full wp-image-6311 aligncenter\" src=\"https:\/\/www.nutritionsolutionsforme.com\/wp-content\/uploads\/2023\/05\/Berberine.png\" alt=\"Berberina\" width=\"1000\" height=\"1000\" srcset=\"https:\/\/www.nutritionsolutionsforme.com\/wp-content\/uploads\/2023\/05\/Berberine.png 1000w, https:\/\/www.nutritionsolutionsforme.com\/wp-content\/uploads\/2023\/05\/Berberine-300x300.png 300w, https:\/\/www.nutritionsolutionsforme.com\/wp-content\/uploads\/2023\/05\/Berberine-150x150.png 150w, https:\/\/www.nutritionsolutionsforme.com\/wp-content\/uploads\/2023\/05\/Berberine-768x768.png 768w, https:\/\/www.nutritionsolutionsforme.com\/wp-content\/uploads\/2023\/05\/Berberine-75x75.png 75w, https:\/\/www.nutritionsolutionsforme.com\/wp-content\/uploads\/2023\/05\/Berberine-270x270.png 270w, https:\/\/www.nutritionsolutionsforme.com\/wp-content\/uploads\/2023\/05\/Berberine-230x230.png 230w\" sizes=\"(max-width: 1000px) 100vw, 1000px\" \/><\/p>\n<p><script type=\"application\/ld+json\">\n  {\n    \"@context\": \"http:\/\/schema.org\",\n    \"@type\": \"Product\",\n    \"name\": \"Berberine\",\n    \"description\": \"Berberine is a well-researched botanical that provides a wide range of health and wellness benefits, including immune function support, blood sugar metabolism, gut health, weight management, and healthy cholesterol levels.\",\n    \"image\": \"https:\/\/www.nutritionsolutionsforme.com\/wp-content\/uploads\/2023\/05\/Berberine.png\",\n    \"brand\": {\n      \"@type\": \"Brand\",\n      \"name\": \"Berberine\"\n    },\n    \"offers\": {\n      \"@type\": \"Offer\",\n      \"priceCurrency\": \"USD\",\n      \"price\": \"38.00\",\n      \"availability\": \"InStock\"\n    }\n  }\n  <\/script><\/p>\n<p><script type=\"application\/ld+json\">\n{\n  \"@context\": \"http:\/\/schema.org\",\n  \"@type\": \"FAQPage\",\n  \"mainEntity\": [\n\t{\n  \t\"@type\": \"Question\",\n  \t\"name\": \"What are the benefits of Berberine?\",\n  \t\"acceptedAnswer\": {\n    \t\"@type\": \"Answer\",\n    \t\"text\": \"Berberine provides immune function support, helps maintain healthy respiratory tract mucus membranes, promotes healthy blood sugar metabolism and insulin sensitivity, supports beneficial bacterial balance in the gut, and studies have shown it can be effective in helping maintain a healthy weight and supporting healthy cholesterol levels.\"\n  \t}\n\t},\n\t{\n  \t\"@type\": \"Question\",\n  \t\"name\": \"How should I take Berberine?\",\n  \t\"acceptedAnswer\": {\n    \t\"@type\": \"Answer\",\n    \t\"text\": \"It is recommended to take 1-2 capsules of Berberine two times daily with food or as recommended by your healthcare practitioner.\"\n  \t}\n\t},\n\t{\n  \t\"@type\": \"Question\",\n  \t\"name\": \"Are there any contraindications or warnings for using Berberine?\",\n  \t\"acceptedAnswer\": {\n    \t\"@type\": \"Answer\",\n    \t\"text\": \"Berberine should not be used by individuals with a history of hypersensitivity to any of its ingredients. If pregnant, nursing, or trying to conceive, do not use this product. It has also been shown to decrease the activity of certain enzymes, so it is important to consult with your healthcare practitioner if you are taking any medications.\"\n  \t}\n\t}\n  ]\n}\n<\/script><\/p>\n<p><script type=\"application\/ld+json\">\n{\n  \"@context\": \"http:\/\/schema.org\",\n  \"@type\": \"WebPage\",\n  \"name\": \"Berberine - Health Benefits and Uses\",\n  \"description\": \"Discover the health benefits and uses of Berberine, a well-researched botanical with a wide range of applications. Learn about its immune function support, blood sugar metabolism, gut health, weight management, and cholesterol support.\",\n  \"url\": \"https:\/\/www.nutritionsolutionsforme.com\/berberine\",\n  \"mainEntityOfPage\": {\n\t\"@type\": \"WebPage\",\n\t\"@id\": \"https:\/\/www.nutritionsolutionsforme.com\/berberine\"\n  },\n  \"image\": \"https:\/\/www.nutritionsolutionsforme.com\/wp-content\/uploads\/2023\/05\/Berberine.png\"\n}\n<\/script><\/p>\n","protected":false},"excerpt":{"rendered":"<p>La berberina, un bot\u00e1nico ampliamente estudiado y validado por multitud de investigaciones cl\u00ednicas, tiene un rico historial arraigado en los tratamientos herbales tradicionales tanto ayurv\u00e9dicos como chinos, donde encuentra aplicaci\u00f3n en una amplia gama de \u00e1mbitos de la salud. Las<\/p>\n","protected":false},"author":7,"featured_media":0,"parent":0,"menu_order":0,"comment_status":"closed","ping_status":"closed","template":"","meta":{"footnotes":""},"class_list":["post-8860","page","type-page","status-publish","hentry"],"yoast_head":"<!-- This site is optimized with the Yoast SEO plugin v27.4 - https:\/\/yoast.com\/product\/yoast-seo-wordpress\/ -->\n<title>Berberina - Apoyo inmunitario, control del az\u00facar en sangre, salud intestinal y m\u00e1s<\/title>\n<meta name=\"description\" content=\"Desbloquea el potencial de la berberina para el apoyo de la funci\u00f3n inmunitaria, el metabolismo saludable del az\u00facar en sangre, el equilibrio del microbioma intestinal, el control del peso y el mantenimiento de niveles saludables de colesterol. Descubre productos de berberina de alta calidad; experimenta los amplios beneficios para la salud de este bot\u00e1nico bien investigado\" \/>\n<meta name=\"robots\" content=\"index, follow, max-snippet:-1, max-image-preview:large, max-video-preview:-1\" \/>\n<link rel=\"canonical\" href=\"https:\/\/www.nutritionsolutionsforme.com\/es\/berberina\/\" \/>\n<meta property=\"og:locale\" content=\"es_ES\" \/>\n<meta property=\"og:type\" content=\"article\" \/>\n<meta property=\"og:title\" content=\"Berberina - Apoyo inmunitario, control del az\u00facar en sangre, salud intestinal y m\u00e1s\" \/>\n<meta property=\"og:description\" content=\"Desbloquea el potencial de la berberina para el apoyo de la funci\u00f3n inmunitaria, el metabolismo saludable del az\u00facar en sangre, el equilibrio del microbioma intestinal, el control del peso y el mantenimiento de niveles saludables de colesterol. Descubre productos de berberina de alta calidad; experimenta los amplios beneficios para la salud de este bot\u00e1nico bien investigado\" \/>\n<meta property=\"og:url\" content=\"https:\/\/www.nutritionsolutionsforme.com\/es\/berberina\/\" \/>\n<meta property=\"og:site_name\" content=\"Nutrition Solutions for Me\" \/>\n<meta property=\"article:publisher\" content=\"https:\/\/www.facebook.com\/NutritionSolutionsForMe\/\" \/>\n<meta property=\"og:image\" content=\"https:\/\/www.nutritionsolutionsforme.com\/wp-content\/uploads\/2023\/05\/Berberine.png\" \/>\n<meta name=\"twitter:card\" content=\"summary_large_image\" \/>\n<meta name=\"twitter:site\" content=\"@nutrisols\" \/>\n<meta name=\"twitter:label1\" content=\"Tiempo de lectura\" \/>\n\t<meta name=\"twitter:data1\" content=\"2 minutos\" \/>\n<!-- \/ Yoast SEO plugin. -->","yoast_head_json":{"title":"Berberina - Apoyo inmunitario, control del az\u00facar en sangre, salud intestinal y m\u00e1s","description":"Desbloquea el potencial de la berberina para el apoyo de la funci\u00f3n inmunitaria, el metabolismo saludable del az\u00facar en sangre, el equilibrio del microbioma intestinal, el control del peso y el mantenimiento de niveles saludables de colesterol. Descubre productos de berberina de alta calidad; experimenta los amplios beneficios para la salud de este bot\u00e1nico bien investigado","robots":{"index":"index","follow":"follow","max-snippet":"max-snippet:-1","max-image-preview":"max-image-preview:large","max-video-preview":"max-video-preview:-1"},"canonical":"https:\/\/www.nutritionsolutionsforme.com\/es\/berberina\/","og_locale":"es_ES","og_type":"article","og_title":"Berberina - Apoyo inmunitario, control del az\u00facar en sangre, salud intestinal y m\u00e1s","og_description":"Desbloquea el potencial de la berberina para el apoyo de la funci\u00f3n inmunitaria, el metabolismo saludable del az\u00facar en sangre, el equilibrio del microbioma intestinal, el control del peso y el mantenimiento de niveles saludables de colesterol. Descubre productos de berberina de alta calidad; experimenta los amplios beneficios para la salud de este bot\u00e1nico bien investigado","og_url":"https:\/\/www.nutritionsolutionsforme.com\/es\/berberina\/","og_site_name":"Nutrition Solutions for Me","article_publisher":"https:\/\/www.facebook.com\/NutritionSolutionsForMe\/","og_image":[{"url":"https:\/\/www.nutritionsolutionsforme.com\/wp-content\/uploads\/2023\/05\/Berberine.png","type":"","width":"","height":""}],"twitter_card":"summary_large_image","twitter_site":"@nutrisols","twitter_misc":{"Tiempo de lectura":"2 minutos"},"schema":{"@context":"https:\/\/schema.org","@graph":[]}},"_links":{"self":[{"href":"https:\/\/www.nutritionsolutionsforme.com\/es\/wp-json\/wp\/v2\/pages\/8860","targetHints":{"allow":["GET"]}}],"collection":[{"href":"https:\/\/www.nutritionsolutionsforme.com\/es\/wp-json\/wp\/v2\/pages"}],"about":[{"href":"https:\/\/www.nutritionsolutionsforme.com\/es\/wp-json\/wp\/v2\/types\/page"}],"author":[{"embeddable":true,"href":"https:\/\/www.nutritionsolutionsforme.com\/es\/wp-json\/wp\/v2\/users\/7"}],"replies":[{"embeddable":true,"href":"https:\/\/www.nutritionsolutionsforme.com\/es\/wp-json\/wp\/v2\/comments?post=8860"}],"version-history":[{"count":0,"href":"https:\/\/www.nutritionsolutionsforme.com\/es\/wp-json\/wp\/v2\/pages\/8860\/revisions"}],"wp:attachment":[{"href":"https:\/\/www.nutritionsolutionsforme.com\/es\/wp-json\/wp\/v2\/media?parent=8860"}],"curies":[{"name":"wp","href":"https:\/\/api.w.org\/{rel}","templated":true}]}}