{"id":8850,"date":"2013-06-13T05:10:39","date_gmt":"2013-06-13T10:10:39","guid":{"rendered":"https:\/\/www.nutritionsolutionsforme.com\/servicios\/"},"modified":"2024-07-02T12:42:22","modified_gmt":"2024-07-02T17:42:22","slug":"servicios","status":"publish","type":"page","link":"https:\/\/www.nutritionsolutionsforme.com\/es\/servicios\/","title":{"rendered":"Servicios"},"content":{"rendered":"<h1>\u00bfC\u00d3MO PODEMOS AYUDARTE?<\/h1>\n<p>Desde el bienestar hasta la lucha contra las enfermedades cr\u00f3nicas, te ayudamos a conseguir todos tus objetivos de salud. Aprende de nuestros dietistas de alto nivel mientras dise\u00f1an un plan individualizado basado en el estilo de vida, la salud y las preferencias.<\/p>\n<ul id=\"eael-feature-list-fc98f99\">\n<li>\n<h4\t\t\t\t\t\t\t>Asesoramiento Nutricional y Coaching de Salud<\/h4\t\t\t\t\t\t>\n<\/p>\n<\/li>\n<li>\n<h4\t\t\t\t\t\t\t>Terapia m\u00e9dica nutricional<\/h4\t\t\t\t\t\t>\n<\/p>\n<\/li>\n<li>\n<h4\t\t\t\t\t\t\t>Evaluaciones nutricionales individuales<\/h4\t\t\t\t\t\t>\n<\/p>\n<\/li>\n<li>\n<h4\t\t\t\t\t\t\t>Coaching para el bienestar<\/h4\t\t\t\t\t\t>\n<\/p>\n<\/li>\n<li>\n<h4\t\t\t\t\t\t\t>SIBO<\/h4\t\t\t\t\t\t>\n<\/p>\n<\/li>\n<\/ul>\n<p>\t\t\t\t\t\t\t\t\t\t\t\t\t<img decoding=\"async\" src=\"https:\/\/www.nutritionsolutionsforme.com\/wp-content\/uploads\/elementor\/thumbs\/DSC06988_4x5-q0yad70zy22a5q82xp3mzbx2algd306un7q412xmrs.jpg\" title=\"DSC06988 4&#215;5\" alt=\"DSC06988 4x5\" loading=\"lazy\" \/>\t\t\t\t\t\t\t\t\t\t\t\t\t<\/p>\n<ul id=\"eael-feature-list-d5e2739\">\n<li>\n<h4\t\t\t\t\t\t\t>Medicina del estilo de vida<\/h4\t\t\t\t\t\t>\n<\/p>\n<\/li>\n<li>\n<h4\t\t\t\t\t\t\t>Composici\u00f3n corporal<\/h4\t\t\t\t\t\t>\n<\/p>\n<\/li>\n<li>\n<h4\t\t\t\t\t\t\t>Planes de cuidados y recetas<\/h4\t\t\t\t\t\t>\n<\/p>\n<\/li>\n<li>\n<h4\t\t\t\t\t\t\t>Telesalud<\/h4\t\t\t\t\t\t>\n<\/p>\n<\/li>\n<li>\n<h4\t\t\t\t\t\t\t>Evaluaci\u00f3n de los valores de laboratorio<\/h4\t\t\t\t\t\t>\n<\/p>\n<\/li>\n<li>\n<h4\t\t\t\t\t\t\t>Alimentaci\u00f3n intuitiva<\/h4\t\t\t\t\t\t>\n<\/p>\n<\/li>\n<li>\n<h4\t\t\t\t\t\t\t>Trastornos alimentarios<\/h4\t\t\t\t\t\t>\n<\/p>\n<\/li>\n<\/ul>\n<ul id=\"eael-feature-list-2c26ee1\">\n<li>\n<h4\t\t\t\t\t\t\t>Metas personalizadas, objetivos para alcanzar esas metas y educaci\u00f3n y herramientas pr\u00e1cticas para facilitar el \u00e9xito.<\/h4\t\t\t\t\t\t>\n<\/p>\n<\/li>\n<\/ul>\n<h1>Visita inicial<\/h1>\n<p>\t\t\t\t\t\t\t\t\t\t\t\t\t<img fetchpriority=\"high\" decoding=\"async\" width=\"300\" height=\"300\" src=\"https:\/\/www.nutritionsolutionsforme.com\/wp-content\/uploads\/2021\/05\/schedule-300x300.png\" alt=\"schedule\" srcset=\"https:\/\/www.nutritionsolutionsforme.com\/wp-content\/uploads\/2021\/05\/schedule-300x300.png 300w, https:\/\/www.nutritionsolutionsforme.com\/wp-content\/uploads\/2021\/05\/schedule-150x150.png 150w, https:\/\/www.nutritionsolutionsforme.com\/wp-content\/uploads\/2021\/05\/schedule-75x75.png 75w, https:\/\/www.nutritionsolutionsforme.com\/wp-content\/uploads\/2021\/05\/schedule-270x270.png 270w, https:\/\/www.nutritionsolutionsforme.com\/wp-content\/uploads\/2021\/05\/schedule-230x230.png 230w, https:\/\/www.nutritionsolutionsforme.com\/wp-content\/uploads\/2021\/05\/schedule.png 500w\" sizes=\"(max-width: 300px) 100vw, 300px\" \/><br \/>\n\t\t\t\t\t\t\t\t\t\t\t\t\t<img decoding=\"async\" width=\"300\" height=\"300\" src=\"https:\/\/www.nutritionsolutionsforme.com\/wp-content\/uploads\/2021\/05\/during-300x300.png\" alt=\"during\" srcset=\"https:\/\/www.nutritionsolutionsforme.com\/wp-content\/uploads\/2021\/05\/during-300x300.png 300w, https:\/\/www.nutritionsolutionsforme.com\/wp-content\/uploads\/2021\/05\/during-150x150.png 150w, https:\/\/www.nutritionsolutionsforme.com\/wp-content\/uploads\/2021\/05\/during-75x75.png 75w, https:\/\/www.nutritionsolutionsforme.com\/wp-content\/uploads\/2021\/05\/during-270x270.png 270w, https:\/\/www.nutritionsolutionsforme.com\/wp-content\/uploads\/2021\/05\/during-230x230.png 230w, https:\/\/www.nutritionsolutionsforme.com\/wp-content\/uploads\/2021\/05\/during.png 500w\" sizes=\"(max-width: 300px) 100vw, 300px\" \/><br \/>\n\t\t\t\t\t\t\t\t\t\t\t\t\t<img decoding=\"async\" width=\"300\" height=\"300\" src=\"https:\/\/www.nutritionsolutionsforme.com\/wp-content\/uploads\/2021\/05\/create-300x300.png\" alt=\"create\" srcset=\"https:\/\/www.nutritionsolutionsforme.com\/wp-content\/uploads\/2021\/05\/create-300x300.png 300w, https:\/\/www.nutritionsolutionsforme.com\/wp-content\/uploads\/2021\/05\/create-150x150.png 150w, https:\/\/www.nutritionsolutionsforme.com\/wp-content\/uploads\/2021\/05\/create-75x75.png 75w, https:\/\/www.nutritionsolutionsforme.com\/wp-content\/uploads\/2021\/05\/create-270x270.png 270w, https:\/\/www.nutritionsolutionsforme.com\/wp-content\/uploads\/2021\/05\/create-230x230.png 230w, https:\/\/www.nutritionsolutionsforme.com\/wp-content\/uploads\/2021\/05\/create.png 500w\" sizes=\"(max-width: 300px) 100vw, 300px\" \/><br \/>\n\t\t\t\t\t\t\t\t\t\t\t\t\t<img loading=\"lazy\" decoding=\"async\" width=\"300\" height=\"300\" src=\"https:\/\/www.nutritionsolutionsforme.com\/wp-content\/uploads\/2021\/05\/discuss-300x300.png\" alt=\"discuss\" srcset=\"https:\/\/www.nutritionsolutionsforme.com\/wp-content\/uploads\/2021\/05\/discuss-300x300.png 300w, https:\/\/www.nutritionsolutionsforme.com\/wp-content\/uploads\/2021\/05\/discuss-150x150.png 150w, https:\/\/www.nutritionsolutionsforme.com\/wp-content\/uploads\/2021\/05\/discuss-75x75.png 75w, https:\/\/www.nutritionsolutionsforme.com\/wp-content\/uploads\/2021\/05\/discuss-270x270.png 270w, https:\/\/www.nutritionsolutionsforme.com\/wp-content\/uploads\/2021\/05\/discuss-230x230.png 230w, https:\/\/www.nutritionsolutionsforme.com\/wp-content\/uploads\/2021\/05\/discuss.png 500w\" sizes=\"(max-width: 300px) 100vw, 300px\" \/><br \/>\n\t\t\t\t\t\t\t\t\t\t\t\t\t<img loading=\"lazy\" decoding=\"async\" width=\"300\" height=\"300\" src=\"https:\/\/www.nutritionsolutionsforme.com\/wp-content\/uploads\/2021\/05\/customized-300x300.png\" alt=\"customized\" srcset=\"https:\/\/www.nutritionsolutionsforme.com\/wp-content\/uploads\/2021\/05\/customized-300x300.png 300w, https:\/\/www.nutritionsolutionsforme.com\/wp-content\/uploads\/2021\/05\/customized-150x150.png 150w, https:\/\/www.nutritionsolutionsforme.com\/wp-content\/uploads\/2021\/05\/customized-75x75.png 75w, https:\/\/www.nutritionsolutionsforme.com\/wp-content\/uploads\/2021\/05\/customized-270x270.png 270w, https:\/\/www.nutritionsolutionsforme.com\/wp-content\/uploads\/2021\/05\/customized-230x230.png 230w, https:\/\/www.nutritionsolutionsforme.com\/wp-content\/uploads\/2021\/05\/customized.png 500w\" sizes=\"(max-width: 300px) 100vw, 300px\" \/>\t\t\t\t\t\t\t\t\t\t\t\t\t<\/p>\n<h1>Visitas de seguimiento<\/h1>\n<p>\t\t\t\t\t\t\t\t\t\t\t\t\t<img loading=\"lazy\" decoding=\"async\" width=\"300\" height=\"300\" src=\"https:\/\/www.nutritionsolutionsforme.com\/wp-content\/uploads\/2021\/05\/followup-discuss-300x300.png\" alt=\"followup discuss\" srcset=\"https:\/\/www.nutritionsolutionsforme.com\/wp-content\/uploads\/2021\/05\/followup-discuss-300x300.png 300w, https:\/\/www.nutritionsolutionsforme.com\/wp-content\/uploads\/2021\/05\/followup-discuss-150x150.png 150w, https:\/\/www.nutritionsolutionsforme.com\/wp-content\/uploads\/2021\/05\/followup-discuss-75x75.png 75w, https:\/\/www.nutritionsolutionsforme.com\/wp-content\/uploads\/2021\/05\/followup-discuss-270x270.png 270w, https:\/\/www.nutritionsolutionsforme.com\/wp-content\/uploads\/2021\/05\/followup-discuss-230x230.png 230w, https:\/\/www.nutritionsolutionsforme.com\/wp-content\/uploads\/2021\/05\/followup-discuss.png 500w\" sizes=\"(max-width: 300px) 100vw, 300px\" \/><br \/>\n\t\t\t\t\t\t\t\t\t\t\t\t\t<img loading=\"lazy\" decoding=\"async\" width=\"300\" height=\"300\" src=\"https:\/\/www.nutritionsolutionsforme.com\/wp-content\/uploads\/2021\/05\/followup-design-300x300.png\" alt=\"followup design\" srcset=\"https:\/\/www.nutritionsolutionsforme.com\/wp-content\/uploads\/2021\/05\/followup-design-300x300.png 300w, https:\/\/www.nutritionsolutionsforme.com\/wp-content\/uploads\/2021\/05\/followup-design-150x150.png 150w, https:\/\/www.nutritionsolutionsforme.com\/wp-content\/uploads\/2021\/05\/followup-design-75x75.png 75w, https:\/\/www.nutritionsolutionsforme.com\/wp-content\/uploads\/2021\/05\/followup-design-270x270.png 270w, https:\/\/www.nutritionsolutionsforme.com\/wp-content\/uploads\/2021\/05\/followup-design-230x230.png 230w, https:\/\/www.nutritionsolutionsforme.com\/wp-content\/uploads\/2021\/05\/followup-design.png 500w\" sizes=\"(max-width: 300px) 100vw, 300px\" \/>\t\t\t\t\t\t\t\t\t\t\t\t\t<\/p>\n<h1>TELEHEALTH<\/h1>\n<p>\u00a1ESTAMOS ABIERTOS DURANTE EL COVID-19!<\/p>\n<p>Por la seguridad de todos, estamos prestando servicios mediante videollamadas (telesalud) conformes con la HIPAA para clientes nuevos y existentes.<\/p>\n<p>\t\t\t\t\t\t\t\t\t\t\t\t\t<img loading=\"lazy\" decoding=\"async\" width=\"300\" height=\"300\" src=\"https:\/\/www.nutritionsolutionsforme.com\/wp-content\/uploads\/2021\/05\/telehealth-300x300.png\" alt=\"telehealth\" srcset=\"https:\/\/www.nutritionsolutionsforme.com\/wp-content\/uploads\/2021\/05\/telehealth-300x300.png 300w, https:\/\/www.nutritionsolutionsforme.com\/wp-content\/uploads\/2021\/05\/telehealth-150x150.png 150w, https:\/\/www.nutritionsolutionsforme.com\/wp-content\/uploads\/2021\/05\/telehealth-75x75.png 75w, https:\/\/www.nutritionsolutionsforme.com\/wp-content\/uploads\/2021\/05\/telehealth-270x270.png 270w, https:\/\/www.nutritionsolutionsforme.com\/wp-content\/uploads\/2021\/05\/telehealth-230x230.png 230w, https:\/\/www.nutritionsolutionsforme.com\/wp-content\/uploads\/2021\/05\/telehealth.png 500w\" sizes=\"(max-width: 300px) 100vw, 300px\" \/>\t\t\t\t\t\t\t\t\t\t\t\t\t<\/p>\n<h1>Informaci\u00f3n sobre citas (FAQ)<\/h1>\n<p>                \u00bfC\u00d3MO ME PREPARO PARA LA CITA INICIAL?<\/p>\n<ul>\n<li>Rellena los formularios de admisi\u00f3n en l\u00ednea a trav\u00e9s del <b>portal del paciente GETHEALTHIE<\/b> al menos 48 horas antes de tu cita (despu\u00e9s de programarla, se te enviar\u00e1 un correo electr\u00f3nico con instrucciones sobre c\u00f3mo iniciar sesi\u00f3n).<\/li>\n<li><b>Verifica las prestaciones de tu seguro<\/b>. Si tu seguro requiere una derivaci\u00f3n m\u00e9dica (, Medicare y cualquier plan Medicare Advantage) o un c\u00f3digo de diagn\u00f3stico m\u00e9dico, aseg\u00farate de que lo hemos recibido antes de la cita.<\/li>\n<li>Sube tu tarjeta del seguro (anverso y reverso) y tu documento de identidad con foto al portal del paciente.<\/li>\n<li>Otra informaci\u00f3n \u00fatil que debes facilitarnos antes de tu cita es\n<ul>\n<li>informes de tus \u00faltimas visitas al m\u00e9dico<\/li>\n<li>tablas de crecimiento pedi\u00e1trico<\/li>\n<li>resultados de laboratorio de los \u00faltimos 1-2 a\u00f1os<\/li>\n<li>fotos de tus frascos de suplementos nutricionales (etiqueta frontal e ingredientes)<\/li>\n<\/ul>\n<\/li>\n<\/ul>\n<p>                \u00bfCON QU\u00c9 FRECUENCIA TE VER\u00c9?<\/p>\n<p>La frecuencia de nuestras visitas es individual y depende de tu estado nutricional actual y de tus objetivos. Es habitual reunirse con m\u00e1s frecuencia al principio para coger impulso y luego con menos frecuencia a medida que pasa el tiempo. La mayor\u00eda de los clientes nos ven inicialmente cada 3 semanas. El asesoramiento nutricional te proporciona el apoyo que necesitas para mantener el rumbo hacia tus objetivos y adoptar gradualmente un cambio significativo y sostenible.<\/p>\n<p>                \u00bfEL SEGURO M\u00c9DICO CUBRIR\u00c1 MIS CITAS?<\/p>\n<p>La mayor\u00eda de los seguros m\u00e9dicos cubren el asesoramiento nutricional, ya sea como tratamiento de un problema de salud o como parte de tus prestaciones sanitarias preventivas, y a menudo sin coste alguno para ti.  <strong>Haz clic aqu\u00ed para ver qu\u00e9 planes aceptamos.  <\/strong><\/p>\n<h1>DIARIO FOTOGR\u00c1FICO DE ALIMENTOS UTILIZANDO NUESTRA APLICACI\u00d3N M\u00d3VIL HEALTHIE<\/h1>\n<p>La herramienta Healthie Food Journaling es una herramienta c\u00f3moda tanto para nuestros clientes como para los proveedores . Con una aplicaci\u00f3n m\u00f3vil intuitiva, los clientes pueden registrar sus comidas y los proveedores pueden revisarlas y proporcionar comentarios personalizados.  <\/b><b><i>en tiempo real.  <\/i><\/b><b>Este nivel a\u00f1adido de apoyo y compromiso ayuda a los clientes a superar con \u00e9xito sus retos nutricionales, para lograr un cambio sostenible a largo plazo.<\/p>\n<p>\t\t\t\t\t\t\t\t\t\t\t\t\t<img loading=\"lazy\" decoding=\"async\" width=\"750\" height=\"500\" src=\"https:\/\/www.nutritionsolutionsforme.com\/wp-content\/uploads\/2021\/05\/image14-1024x683.jpg\" alt=\"image14\" srcset=\"https:\/\/www.nutritionsolutionsforme.com\/wp-content\/uploads\/2021\/05\/image14-1024x683.jpg 1024w, https:\/\/www.nutritionsolutionsforme.com\/wp-content\/uploads\/2021\/05\/image14-300x200.jpg 300w, https:\/\/www.nutritionsolutionsforme.com\/wp-content\/uploads\/2021\/05\/image14-768x512.jpg 768w, https:\/\/www.nutritionsolutionsforme.com\/wp-content\/uploads\/2021\/05\/image14.jpg 1086w\" sizes=\"(max-width: 750px) 100vw, 750px\" \/><br \/>\n\t\t\t\t\t\t\t\t\t\t\t\t\t<img loading=\"lazy\" decoding=\"async\" width=\"750\" height=\"500\" src=\"https:\/\/www.nutritionsolutionsforme.com\/wp-content\/uploads\/2021\/05\/image17-1024x683.jpg\" alt=\"image17\" srcset=\"https:\/\/www.nutritionsolutionsforme.com\/wp-content\/uploads\/2021\/05\/image17-1024x683.jpg 1024w, https:\/\/www.nutritionsolutionsforme.com\/wp-content\/uploads\/2021\/05\/image17-300x200.jpg 300w, https:\/\/www.nutritionsolutionsforme.com\/wp-content\/uploads\/2021\/05\/image17-768x512.jpg 768w, https:\/\/www.nutritionsolutionsforme.com\/wp-content\/uploads\/2021\/05\/image17.jpg 1086w\" sizes=\"(max-width: 750px) 100vw, 750px\" \/><br \/>\n\t\t\t\t\t\t\t\t\t\t\t\t\t<img loading=\"lazy\" decoding=\"async\" width=\"750\" height=\"1125\" src=\"https:\/\/www.nutritionsolutionsforme.com\/wp-content\/uploads\/2021\/05\/DSC06995_2000-768x1152.jpg\" alt=\"DSC06995 2000\" srcset=\"https:\/\/www.nutritionsolutionsforme.com\/wp-content\/uploads\/2021\/05\/DSC06995_2000-768x1152.jpg 768w, https:\/\/www.nutritionsolutionsforme.com\/wp-content\/uploads\/2021\/05\/DSC06995_2000-200x300.jpg 200w, https:\/\/www.nutritionsolutionsforme.com\/wp-content\/uploads\/2021\/05\/DSC06995_2000-682x1024.jpg 682w, https:\/\/www.nutritionsolutionsforme.com\/wp-content\/uploads\/2021\/05\/DSC06995_2000-1024x1536.jpg 1024w, https:\/\/www.nutritionsolutionsforme.com\/wp-content\/uploads\/2021\/05\/DSC06995_2000.jpg 1333w\" sizes=\"(max-width: 750px) 100vw, 750px\" \/><br \/>\n<!-- End Webpage schema code --><br \/>\n<!-- End FAQ schema code --><\/p>\n","protected":false},"excerpt":{"rendered":"<p>\u00bfC\u00d3MO PODEMOS AYUDARTE? Desde el bienestar hasta la lucha contra las enfermedades cr\u00f3nicas, te ayudamos a conseguir todos tus objetivos de salud. Aprende de nuestros dietistas de alto nivel mientras dise\u00f1an un plan individualizado basado en el estilo de vida,<\/p>\n","protected":false},"author":1,"featured_media":0,"parent":0,"menu_order":0,"comment_status":"closed","ping_status":"closed","template":"","meta":{"footnotes":""},"class_list":["post-8850","page","type-page","status-publish","hentry"],"yoast_head":"<!-- This site is optimized with the Yoast SEO plugin v27.4 - https:\/\/yoast.com\/product\/yoast-seo-wordpress\/ -->\n<title>Servicios - Nutrition Solutions for Me<\/title>\n<meta name=\"robots\" content=\"index, follow, max-snippet:-1, max-image-preview:large, max-video-preview:-1\" \/>\n<link rel=\"canonical\" href=\"https:\/\/www.nutritionsolutionsforme.com\/es\/servicios\/\" \/>\n<meta property=\"og:locale\" content=\"es_ES\" \/>\n<meta property=\"og:type\" content=\"article\" \/>\n<meta property=\"og:title\" content=\"Servicios - Nutrition Solutions for Me\" \/>\n<meta property=\"og:description\" content=\"\u00bfC\u00d3MO PODEMOS AYUDARTE? Desde el bienestar hasta la lucha contra las enfermedades cr\u00f3nicas, te ayudamos a conseguir todos tus objetivos de salud. Aprende de nuestros dietistas de alto nivel mientras dise\u00f1an un plan individualizado basado en el estilo de vida,\" \/>\n<meta property=\"og:url\" content=\"https:\/\/www.nutritionsolutionsforme.com\/es\/servicios\/\" \/>\n<meta property=\"og:site_name\" content=\"Nutrition Solutions for Me\" \/>\n<meta property=\"article:publisher\" content=\"https:\/\/www.facebook.com\/NutritionSolutionsForMe\/\" \/>\n<meta property=\"article:modified_time\" content=\"2024-07-02T17:42:22+00:00\" \/>\n<meta property=\"og:image\" content=\"https:\/\/www.nutritionsolutionsforme.com\/wp-content\/uploads\/elementor\/thumbs\/DSC06988_4x5-q0yad70zy22a5q82xp3mzbx2algd306un7q412xmrs.jpg\" \/>\n<meta name=\"twitter:card\" content=\"summary_large_image\" \/>\n<meta name=\"twitter:site\" content=\"@nutrisols\" \/>\n<meta name=\"twitter:label1\" content=\"Tiempo de lectura\" \/>\n\t<meta name=\"twitter:data1\" content=\"3 minutos\" \/>\n<!-- \/ Yoast SEO plugin. -->","yoast_head_json":{"title":"Servicios - Nutrition Solutions for Me","robots":{"index":"index","follow":"follow","max-snippet":"max-snippet:-1","max-image-preview":"max-image-preview:large","max-video-preview":"max-video-preview:-1"},"canonical":"https:\/\/www.nutritionsolutionsforme.com\/es\/servicios\/","og_locale":"es_ES","og_type":"article","og_title":"Servicios - Nutrition Solutions for Me","og_description":"\u00bfC\u00d3MO PODEMOS AYUDARTE? Desde el bienestar hasta la lucha contra las enfermedades cr\u00f3nicas, te ayudamos a conseguir todos tus objetivos de salud. Aprende de nuestros dietistas de alto nivel mientras dise\u00f1an un plan individualizado basado en el estilo de vida,","og_url":"https:\/\/www.nutritionsolutionsforme.com\/es\/servicios\/","og_site_name":"Nutrition Solutions for Me","article_publisher":"https:\/\/www.facebook.com\/NutritionSolutionsForMe\/","article_modified_time":"2024-07-02T17:42:22+00:00","og_image":[{"url":"https:\/\/www.nutritionsolutionsforme.com\/wp-content\/uploads\/elementor\/thumbs\/DSC06988_4x5-q0yad70zy22a5q82xp3mzbx2algd306un7q412xmrs.jpg","type":"","width":"","height":""}],"twitter_card":"summary_large_image","twitter_site":"@nutrisols","twitter_misc":{"Tiempo de lectura":"3 minutos"},"schema":{"@context":"https:\/\/schema.org","@graph":[]}},"_links":{"self":[{"href":"https:\/\/www.nutritionsolutionsforme.com\/es\/wp-json\/wp\/v2\/pages\/8850","targetHints":{"allow":["GET"]}}],"collection":[{"href":"https:\/\/www.nutritionsolutionsforme.com\/es\/wp-json\/wp\/v2\/pages"}],"about":[{"href":"https:\/\/www.nutritionsolutionsforme.com\/es\/wp-json\/wp\/v2\/types\/page"}],"author":[{"embeddable":true,"href":"https:\/\/www.nutritionsolutionsforme.com\/es\/wp-json\/wp\/v2\/users\/1"}],"replies":[{"embeddable":true,"href":"https:\/\/www.nutritionsolutionsforme.com\/es\/wp-json\/wp\/v2\/comments?post=8850"}],"version-history":[{"count":2,"href":"https:\/\/www.nutritionsolutionsforme.com\/es\/wp-json\/wp\/v2\/pages\/8850\/revisions"}],"predecessor-version":[{"id":8852,"href":"https:\/\/www.nutritionsolutionsforme.com\/es\/wp-json\/wp\/v2\/pages\/8850\/revisions\/8852"}],"wp:attachment":[{"href":"https:\/\/www.nutritionsolutionsforme.com\/es\/wp-json\/wp\/v2\/media?parent=8850"}],"curies":[{"name":"wp","href":"https:\/\/api.w.org\/{rel}","templated":true}]}}